{"id":2277,"date":"2020-03-13T10:45:57","date_gmt":"2020-03-13T08:45:57","guid":{"rendered":"http:\/\/visitsouthestonia.com\/community\/avaleht\/"},"modified":"2026-02-06T16:00:16","modified_gmt":"2026-02-06T14:00:16","slug":"front-page","status":"publish","type":"page","link":"https:\/\/visitsouthestonia.com\/community\/en\/","title":{"rendered":"Front page"},"content":{"rendered":"","protected":false},"excerpt":{"rendered":"","protected":false},"author":1,"featured_media":0,"parent":0,"menu_order":0,"comment_status":"closed","ping_status":"closed","template":"","meta":{"advgb_blocks_editor_width":"","advgb_blocks_columns_visual_guide":"","footnotes":"","_links_to":"","_links_to_target":""},"acf":[],"yoast_head":"<!-- This site is optimized with the Yoast SEO plugin v21.4 - https:\/\/yoast.com\/wordpress\/plugins\/seo\/ -->\n<title>Southern Estonia is a wonderful for vacation<\/title>\n<meta name=\"description\" content=\"Southern Estonia is wonderful in every time of the year. Come and enjoy our wild nature and great vacation offers\" \/>\n<meta name=\"robots\" content=\"index, follow, max-snippet:-1, max-image-preview:large, max-video-preview:-1\" \/>\n<link rel=\"canonical\" href=\"https:\/\/visitsouthestonia.com\/community\/en\/\" \/>\n<meta property=\"og:locale\" content=\"en_US\" \/>\n<meta property=\"og:type\" content=\"article\" \/>\n<meta property=\"og:title\" content=\"Wild flavour experiences await across Southern Estonia\" \/>\n<meta property=\"og:description\" content=\"From Forest to Table is taking place for the fourth time in six counties: Tartu, J\u00f5geva, P\u00f5lva, V\u00f5ru, Viljandi and Valga.\" \/>\n<meta property=\"og:url\" content=\"https:\/\/visitsouthestonia.com\/community\/en\/\" \/>\n<meta property=\"og:site_name\" content=\"visitsouthestonia\" \/>\n<meta property=\"article:modified_time\" content=\"2026-02-06T14:00:16+00:00\" \/>\n<meta property=\"og:image\" content=\"https:\/\/visitsouthestonia.com\/community\/wp-content\/uploads\/2020\/09\/metsasttaldrikule-1200x801.png\" \/>\n\t<meta property=\"og:image:width\" content=\"1200\" \/>\n\t<meta property=\"og:image:height\" content=\"801\" \/>\n\t<meta property=\"og:image:type\" content=\"image\/png\" \/>\n<meta name=\"twitter:card\" content=\"summary_large_image\" \/>\n<script type=\"application\/ld+json\" class=\"yoast-schema-graph\">{\"@context\":\"https:\/\/schema.org\",\"@graph\":[{\"@type\":\"WebPage\",\"@id\":\"https:\/\/visitsouthestonia.com\/community\/en\/\",\"url\":\"https:\/\/visitsouthestonia.com\/community\/en\/\",\"name\":\"Southern Estonia is a wonderful for vacation\",\"isPartOf\":{\"@id\":\"https:\/\/visitsouthestonia.com\/community\/#website\"},\"datePublished\":\"2020-03-13T08:45:57+00:00\",\"dateModified\":\"2026-02-06T14:00:16+00:00\",\"description\":\"Southern Estonia is wonderful in every time of the year. Come and enjoy our wild nature and great vacation offers\",\"inLanguage\":\"en-US\",\"potentialAction\":[{\"@type\":\"ReadAction\",\"target\":[\"https:\/\/visitsouthestonia.com\/community\/en\/\"]}]},{\"@type\":\"WebSite\",\"@id\":\"https:\/\/visitsouthestonia.com\/community\/#website\",\"url\":\"https:\/\/visitsouthestonia.com\/community\/\",\"name\":\"visitsouthestonia\",\"description\":\"Parim puhkus veeda L\u00f5una-Eestis!\",\"potentialAction\":[{\"@type\":\"SearchAction\",\"target\":{\"@type\":\"EntryPoint\",\"urlTemplate\":\"https:\/\/visitsouthestonia.com\/community\/?s={search_term_string}\"},\"query-input\":\"required name=search_term_string\"}],\"inLanguage\":\"en-US\"}]}<\/script>\n<!-- \/ Yoast SEO plugin. -->","yoast_head_json":{"title":"Southern Estonia is a wonderful for vacation","description":"Southern Estonia is wonderful in every time of the year. Come and enjoy our wild nature and great vacation offers","robots":{"index":"index","follow":"follow","max-snippet":"max-snippet:-1","max-image-preview":"max-image-preview:large","max-video-preview":"max-video-preview:-1"},"canonical":"https:\/\/visitsouthestonia.com\/community\/en\/","og_locale":"en_US","og_type":"article","og_title":"Wild flavour experiences await across Southern Estonia","og_description":"From Forest to Table is taking place for the fourth time in six counties: Tartu, J\u00f5geva, P\u00f5lva, V\u00f5ru, Viljandi and Valga.","og_url":"https:\/\/visitsouthestonia.com\/community\/en\/","og_site_name":"visitsouthestonia","article_modified_time":"2026-02-06T14:00:16+00:00","og_image":[{"width":1200,"height":801,"url":"https:\/\/visitsouthestonia.com\/community\/wp-content\/uploads\/2020\/09\/metsasttaldrikule-1200x801.png","type":"image\/png"}],"twitter_card":"summary_large_image","schema":{"@context":"https:\/\/schema.org","@graph":[{"@type":"WebPage","@id":"https:\/\/visitsouthestonia.com\/community\/en\/","url":"https:\/\/visitsouthestonia.com\/community\/en\/","name":"Southern Estonia is a wonderful for vacation","isPartOf":{"@id":"https:\/\/visitsouthestonia.com\/community\/#website"},"datePublished":"2020-03-13T08:45:57+00:00","dateModified":"2026-02-06T14:00:16+00:00","description":"Southern Estonia is wonderful in every time of the year. Come and enjoy our wild nature and great vacation offers","inLanguage":"en-US","potentialAction":[{"@type":"ReadAction","target":["https:\/\/visitsouthestonia.com\/community\/en\/"]}]},{"@type":"WebSite","@id":"https:\/\/visitsouthestonia.com\/community\/#website","url":"https:\/\/visitsouthestonia.com\/community\/","name":"visitsouthestonia","description":"Parim puhkus veeda L\u00f5una-Eestis!","potentialAction":[{"@type":"SearchAction","target":{"@type":"EntryPoint","urlTemplate":"https:\/\/visitsouthestonia.com\/community\/?s={search_term_string}"},"query-input":"required name=search_term_string"}],"inLanguage":"en-US"}]}},"coauthors":[],"author_meta":{"author_link":"https:\/\/visitsouthestonia.com\/community\/en\/author\/admin\/","display_name":"admin"},"relative_dates":{"created":"Posted 6 years ago","modified":"Updated 2 months ago"},"absolute_dates":{"created":"Posted on 13. Mar 2020","modified":"Updated on 6. Feb 2026"},"absolute_dates_time":{"created":"Posted on 13. Mar 2020 10:45","modified":"Updated on 6. Feb 2026 04:00"},"featured_img_caption":"","featured_img":false,"series_order":"","_links":{"self":[{"href":"https:\/\/visitsouthestonia.com\/community\/en\/wp-json\/wp\/v2\/pages\/2277"}],"collection":[{"href":"https:\/\/visitsouthestonia.com\/community\/en\/wp-json\/wp\/v2\/pages"}],"about":[{"href":"https:\/\/visitsouthestonia.com\/community\/en\/wp-json\/wp\/v2\/types\/page"}],"author":[{"embeddable":true,"href":"https:\/\/visitsouthestonia.com\/community\/en\/wp-json\/wp\/v2\/users\/1"}],"replies":[{"embeddable":true,"href":"https:\/\/visitsouthestonia.com\/community\/en\/wp-json\/wp\/v2\/comments?post=2277"}],"version-history":[{"count":13,"href":"https:\/\/visitsouthestonia.com\/community\/en\/wp-json\/wp\/v2\/pages\/2277\/revisions"}],"predecessor-version":[{"id":21399,"href":"https:\/\/visitsouthestonia.com\/community\/en\/wp-json\/wp\/v2\/pages\/2277\/revisions\/21399"}],"wp:attachment":[{"href":"https:\/\/visitsouthestonia.com\/community\/en\/wp-json\/wp\/v2\/media?parent=2277"}],"curies":[{"name":"wp","href":"https:\/\/api.w.org\/{rel}","templated":true}]}}