{"id":20099,"date":"2024-01-24T17:05:29","date_gmt":"2024-01-24T15:05:29","guid":{"rendered":"https:\/\/visitsouthestonia.com\/community\/?page_id=20099"},"modified":"2024-09-02T08:20:04","modified_gmt":"2024-09-02T05:20:04","slug":"community-festival-arts-of-survival","status":"publish","type":"page","link":"https:\/\/visitsouthestonia.com\/community\/en\/tartu-2024\/community-festival-arts-of-survival\/","title":{"rendered":"Community festival \u201eArts of Survival\u201c"},"content":{"rendered":"\n<p class=\"has-text-align-right wp-el\"><a href=\"https:\/\/visitsouthestonia.com\/community\/tartu-2024\/kogukonnafestival-ellujaamise-kunstid\/\" target=\"_blank\" rel=\"noreferrer noopener\">&gt;&gt;&gt;EST<\/a><\/p>\n\n\n\n<figure class=\"wp-block-image size-full\"><img decoding=\"async\" loading=\"lazy\" width=\"1200\" height=\"120\" src=\"https:\/\/visitsouthestonia.com\/community\/wp-content\/uploads\/2023\/09\/Add-a-heading4.png\" alt=\"\" class=\"wp-image-14343\" srcset=\"https:\/\/visitsouthestonia.com\/community\/wp-content\/uploads\/2023\/09\/Add-a-heading4.png 1200w, https:\/\/visitsouthestonia.com\/community\/wp-content\/uploads\/2023\/09\/Add-a-heading4-768x77.png 768w, https:\/\/visitsouthestonia.com\/community\/wp-content\/uploads\/2023\/09\/Add-a-heading4-350x35.png 350w, https:\/\/visitsouthestonia.com\/community\/wp-content\/uploads\/2023\/09\/Add-a-heading4-1100x110.png 1100w, https:\/\/visitsouthestonia.com\/community\/wp-content\/uploads\/2023\/09\/Add-a-heading4-230x23.png 230w, https:\/\/visitsouthestonia.com\/community\/wp-content\/uploads\/2023\/09\/Add-a-heading4-210x21.png 210w, https:\/\/visitsouthestonia.com\/community\/wp-content\/uploads\/2023\/09\/Add-a-heading4-188x19.png 188w, https:\/\/visitsouthestonia.com\/community\/wp-content\/uploads\/2023\/09\/Add-a-heading4-370x37.png 370w\" sizes=\"(max-width: 1200px) 100vw, 1200px\" \/><\/figure>\n\n\n\n<h1 class=\"wp-block-heading wp-el\"><strong><strong><strong><strong><strong> R\u00f5uge Community Festival<\/strong><\/strong><\/strong><\/strong><\/strong> <strong>\u201eArts of Survival\u201c<\/strong><\/h1>\n\n\n\n<div class=\"wp-block-advgb-columns advgb-columns-wrapper\" id=\"advgb-cols-86b00fe2-0cb9-46ca-bb30-f628f3d6ae9e\"><div class=\"advgb-columns-container\"><div class=\"advgb-columns advgb-columns-row advgb-is-mobile advgb-columns-2 layout-12-12 mbl-layout-stacked vgutter-10\">\n<div class=\"wp-block-advgb-column advgb-column advgb-is-half-tablet advgb-is-full-mobile\" id=\"advgb-col-2ba2f791-29da-4f49-8a99-e9d8417f9ec8\"><div class=\"advgb-column-inner\" style=\"border-style:none;border-width:1px\">\n<p class=\"wp-el\"><strong>In 2023, the R\u00f5uge community festival &#8220;I Know Where My Food Comes From&#8221; took place.<\/strong><\/p>\n\n\n\n<p class=\"wp-el\">We\u2019ve all heard the saying: you are what you eat! The people of R\u00f5uge are well aware of this fact but want to know more, and they are excited to share their knowledge and local flavours with others.<\/p>\n\n\n\n<p class=\"wp-el\"> On 9 September 2023, at the initiative of R\u00f5uge rural municipality, a community food festival will take place in R\u00f5uge primeval valley, or \u00d6\u00f6bikuorg (Nightingale Valley). With a focus on local and organic food, the day will be packed with lectures by Tartu World University, workshops, discussions and an exciting cultural programme. There will also be a bustling marketplace. <\/p>\n\n\n\n<p class=\"wp-el\">The community festival will detail the developments of the food industry, both locally and globally.<\/p>\n\n\n\n<p class=\"wp-el\"><strong>On September 7, 2024, the R\u00f5uge community festival in \u00d6\u00f6bikuoru will this time be titled &#8220;The arts of survival&#8221;.<\/strong> The festival is accompanied by the UMA MEKK local food fair, a lively cultural program, a great children&#8217;s area and an exhibition of garden products.<\/p>\n<\/div><\/div>\n\n\n\n<div class=\"wp-block-advgb-column advgb-column advgb-is-half-tablet advgb-is-full-mobile\" id=\"advgb-col-8a3a2b85-f9b8-459c-9e46-4826bad35b89\"><div class=\"advgb-column-inner\" style=\"border-style:none;border-width:1px\">\n<p class=\"wp-el\"><img decoding=\"async\" loading=\"lazy\" width=\"128\" height=\"128\" class=\"wp-image-12103\" style=\"width: 20px;\" src=\"https:\/\/visitsouthestonia.com\/community\/wp-content\/uploads\/2023\/05\/roosa-nool-128x1281-1.png\" alt=\"\" srcset=\"https:\/\/visitsouthestonia.com\/community\/wp-content\/uploads\/2023\/05\/roosa-nool-128x1281-1.png 128w, https:\/\/visitsouthestonia.com\/community\/wp-content\/uploads\/2023\/05\/roosa-nool-128x1281-1-51x51.png 51w, https:\/\/visitsouthestonia.com\/community\/wp-content\/uploads\/2023\/05\/roosa-nool-128x1281-1-70x70.png 70w, https:\/\/visitsouthestonia.com\/community\/wp-content\/uploads\/2023\/05\/roosa-nool-128x1281-1-120x120.png 120w, https:\/\/visitsouthestonia.com\/community\/wp-content\/uploads\/2023\/05\/roosa-nool-128x1281-1-100x100.png 100w, https:\/\/visitsouthestonia.com\/community\/wp-content\/uploads\/2023\/05\/roosa-nool-128x1281-1-54x54.png 54w\" sizes=\"(max-width: 128px) 100vw, 128px\" \/> Date:  <strong>9 September 2023 <\/strong>and <strong>7 September 2024<\/strong><\/p>\n\n\n\n<p class=\"wp-el\"><img decoding=\"async\" loading=\"lazy\" width=\"128\" height=\"128\" class=\"wp-image-12103\" style=\"width: 20px;\" src=\"https:\/\/visitsouthestonia.com\/community\/wp-content\/uploads\/2023\/05\/roosa-nool-128x1281-1.png\" alt=\"\" srcset=\"https:\/\/visitsouthestonia.com\/community\/wp-content\/uploads\/2023\/05\/roosa-nool-128x1281-1.png 128w, https:\/\/visitsouthestonia.com\/community\/wp-content\/uploads\/2023\/05\/roosa-nool-128x1281-1-51x51.png 51w, https:\/\/visitsouthestonia.com\/community\/wp-content\/uploads\/2023\/05\/roosa-nool-128x1281-1-70x70.png 70w, https:\/\/visitsouthestonia.com\/community\/wp-content\/uploads\/2023\/05\/roosa-nool-128x1281-1-120x120.png 120w, https:\/\/visitsouthestonia.com\/community\/wp-content\/uploads\/2023\/05\/roosa-nool-128x1281-1-100x100.png 100w, https:\/\/visitsouthestonia.com\/community\/wp-content\/uploads\/2023\/05\/roosa-nool-128x1281-1-54x54.png 54w\" sizes=\"(max-width: 128px) 100vw, 128px\" \/> Location: R\u00f5uge, V\u00f5ru county<\/p>\n\n\n\n<p class=\"wp-el\"><img decoding=\"async\" loading=\"lazy\" width=\"128\" height=\"128\" class=\"wp-image-12103\" style=\"width: 20px;\" src=\"https:\/\/visitsouthestonia.com\/community\/wp-content\/uploads\/2023\/05\/roosa-nool-128x1281-1.png\" alt=\"\" srcset=\"https:\/\/visitsouthestonia.com\/community\/wp-content\/uploads\/2023\/05\/roosa-nool-128x1281-1.png 128w, https:\/\/visitsouthestonia.com\/community\/wp-content\/uploads\/2023\/05\/roosa-nool-128x1281-1-51x51.png 51w, https:\/\/visitsouthestonia.com\/community\/wp-content\/uploads\/2023\/05\/roosa-nool-128x1281-1-70x70.png 70w, https:\/\/visitsouthestonia.com\/community\/wp-content\/uploads\/2023\/05\/roosa-nool-128x1281-1-120x120.png 120w, https:\/\/visitsouthestonia.com\/community\/wp-content\/uploads\/2023\/05\/roosa-nool-128x1281-1-100x100.png 100w, https:\/\/visitsouthestonia.com\/community\/wp-content\/uploads\/2023\/05\/roosa-nool-128x1281-1-54x54.png 54w\" sizes=\"(max-width: 128px) 100vw, 128px\" \/> More information: <a href=\"https:\/\/rouge.kovtp.ee\/kogukonnafestival\" target=\"_blank\" rel=\"noreferrer noopener\">rouge.kovtp.ee\/kogukonnafestival<\/a><\/p>\n\n\n\n<p class=\"wp-el\"><img decoding=\"async\" loading=\"lazy\" width=\"128\" height=\"128\" class=\"wp-image-12103\" style=\"width: 20px;\" src=\"https:\/\/visitsouthestonia.com\/community\/wp-content\/uploads\/2023\/05\/roosa-nool-128x1281-1.png\" alt=\"\" srcset=\"https:\/\/visitsouthestonia.com\/community\/wp-content\/uploads\/2023\/05\/roosa-nool-128x1281-1.png 128w, https:\/\/visitsouthestonia.com\/community\/wp-content\/uploads\/2023\/05\/roosa-nool-128x1281-1-51x51.png 51w, https:\/\/visitsouthestonia.com\/community\/wp-content\/uploads\/2023\/05\/roosa-nool-128x1281-1-70x70.png 70w, https:\/\/visitsouthestonia.com\/community\/wp-content\/uploads\/2023\/05\/roosa-nool-128x1281-1-120x120.png 120w, https:\/\/visitsouthestonia.com\/community\/wp-content\/uploads\/2023\/05\/roosa-nool-128x1281-1-100x100.png 100w, https:\/\/visitsouthestonia.com\/community\/wp-content\/uploads\/2023\/05\/roosa-nool-128x1281-1-54x54.png 54w\" sizes=\"(max-width: 128px) 100vw, 128px\" \/> Social media: <a href=\"https:\/\/www.facebook.com\/events\/801042605464494\" target=\"_blank\" rel=\"noreferrer noopener\">facebook.com\/events<\/a><\/p>\n\n\n\n<p class=\"wp-el\"><img decoding=\"async\" loading=\"lazy\" width=\"128\" height=\"128\" class=\"wp-image-12103\" style=\"width: 20px;\" src=\"https:\/\/visitsouthestonia.com\/community\/wp-content\/uploads\/2023\/05\/roosa-nool-128x1281-1.png\" alt=\"\" srcset=\"https:\/\/visitsouthestonia.com\/community\/wp-content\/uploads\/2023\/05\/roosa-nool-128x1281-1.png 128w, https:\/\/visitsouthestonia.com\/community\/wp-content\/uploads\/2023\/05\/roosa-nool-128x1281-1-51x51.png 51w, https:\/\/visitsouthestonia.com\/community\/wp-content\/uploads\/2023\/05\/roosa-nool-128x1281-1-70x70.png 70w, https:\/\/visitsouthestonia.com\/community\/wp-content\/uploads\/2023\/05\/roosa-nool-128x1281-1-120x120.png 120w, https:\/\/visitsouthestonia.com\/community\/wp-content\/uploads\/2023\/05\/roosa-nool-128x1281-1-100x100.png 100w, https:\/\/visitsouthestonia.com\/community\/wp-content\/uploads\/2023\/05\/roosa-nool-128x1281-1-54x54.png 54w\" sizes=\"(max-width: 128px) 100vw, 128px\" \/> Contact: Kaja Kesk\u00fcla, mahekiri@gmail.com, +372 569 53206<\/p>\n\n\n\n<div class=\"wp-block-columns is-layout-flex wp-container-2 wp-block-columns-is-layout-flex\">\n<div class=\"wp-block-column is-layout-flow wp-block-column-is-layout-flow\" style=\"flex-basis:100%\">\n<figure class=\"wp-block-image size-large\"><img decoding=\"async\" loading=\"lazy\" width=\"1200\" height=\"1054\" src=\"https:\/\/visitsouthestonia.com\/community\/wp-content\/uploads\/2023\/06\/Minateankusttulebminutoit-9-1200x1054.jpg\" alt=\"\" class=\"wp-image-13133\" srcset=\"https:\/\/visitsouthestonia.com\/community\/wp-content\/uploads\/2023\/06\/Minateankusttulebminutoit-9-1200x1054.jpg 1200w, https:\/\/visitsouthestonia.com\/community\/wp-content\/uploads\/2023\/06\/Minateankusttulebminutoit-9-768x674.jpg 768w, https:\/\/visitsouthestonia.com\/community\/wp-content\/uploads\/2023\/06\/Minateankusttulebminutoit-9-1536x1349.jpg 1536w, https:\/\/visitsouthestonia.com\/community\/wp-content\/uploads\/2023\/06\/Minateankusttulebminutoit-9-2048x1798.jpg 2048w, https:\/\/visitsouthestonia.com\/community\/wp-content\/uploads\/2023\/06\/Minateankusttulebminutoit-9-350x307.jpg 350w, https:\/\/visitsouthestonia.com\/community\/wp-content\/uploads\/2023\/06\/Minateankusttulebminutoit-9-911x800.jpg 911w, https:\/\/visitsouthestonia.com\/community\/wp-content\/uploads\/2023\/06\/Minateankusttulebminutoit-9-230x202.jpg 230w, https:\/\/visitsouthestonia.com\/community\/wp-content\/uploads\/2023\/06\/Minateankusttulebminutoit-9-80x70.jpg 80w, https:\/\/visitsouthestonia.com\/community\/wp-content\/uploads\/2023\/06\/Minateankusttulebminutoit-9-188x165.jpg 188w, https:\/\/visitsouthestonia.com\/community\/wp-content\/uploads\/2023\/06\/Minateankusttulebminutoit-9-62x54.jpg 62w, https:\/\/visitsouthestonia.com\/community\/wp-content\/uploads\/2023\/06\/Minateankusttulebminutoit-9-370x325.jpg 370w\" sizes=\"(max-width: 1200px) 100vw, 1200px\" \/><figcaption class=\"wp-element-caption\">Rutt Riitsaar and Kaja Kesk\u00fcla. Photo: Terje Atonen<\/figcaption><\/figure>\n<\/div>\n<\/div>\n<\/div><\/div>\n<\/div><\/div><\/div>\n\n\n\n<p class=\"wp-el\"><img decoding=\"async\" loading=\"lazy\" width=\"128\" height=\"128\" class=\"wp-image-12016\" style=\"width: 20px;\" src=\"https:\/\/visitsouthestonia.com\/community\/wp-content\/uploads\/2023\/05\/must-nool.png\" alt=\"\" srcset=\"https:\/\/visitsouthestonia.com\/community\/wp-content\/uploads\/2023\/05\/must-nool.png 128w, https:\/\/visitsouthestonia.com\/community\/wp-content\/uploads\/2023\/05\/must-nool-51x51.png 51w, https:\/\/visitsouthestonia.com\/community\/wp-content\/uploads\/2023\/05\/must-nool-70x70.png 70w, https:\/\/visitsouthestonia.com\/community\/wp-content\/uploads\/2023\/05\/must-nool-120x120.png 120w, https:\/\/visitsouthestonia.com\/community\/wp-content\/uploads\/2023\/05\/must-nool-100x100.png 100w, https:\/\/visitsouthestonia.com\/community\/wp-content\/uploads\/2023\/05\/must-nool-54x54.png 54w\" sizes=\"(max-width: 128px) 100vw, 128px\" \/> More information about <a href=\"https:\/\/visitsouthestonia.com\/community\/en\/tartu-2024\/\">the European Capital of Culture Tartu 2024 South Estonia Community Programme<\/a><\/p>\n<style class=\"advgb-styles-renderer\">#advgb-cols-86b00fe2-0cb9-46ca-bb30-f628f3d6ae9e{}@media screen and (max-width: 1023px) {#advgb-cols-86b00fe2-0cb9-46ca-bb30-f628f3d6ae9e{}}@media screen and (max-width: 767px) {#advgb-cols-86b00fe2-0cb9-46ca-bb30-f628f3d6ae9e{}}#advgb-col-2ba2f791-29da-4f49-8a99-e9d8417f9ec8>.advgb-column-inner{}@media screen and (max-width: 1023px) {#advgb-col-2ba2f791-29da-4f49-8a99-e9d8417f9ec8>.advgb-column-inner{}}@media screen and (max-width: 767px) {#advgb-col-2ba2f791-29da-4f49-8a99-e9d8417f9ec8>.advgb-column-inner{}}#advgb-col-8a3a2b85-f9b8-459c-9e46-4826bad35b89>.advgb-column-inner{}@media screen and (max-width: 1023px) {#advgb-col-8a3a2b85-f9b8-459c-9e46-4826bad35b89>.advgb-column-inner{}}@media screen and (max-width: 767px) {#advgb-col-8a3a2b85-f9b8-459c-9e46-4826bad35b89>.advgb-column-inner{}}<\/style>","protected":false},"excerpt":{"rendered":"<p>&gt;&gt;&gt;EST R\u00f5uge Community Festival \u201eArts of Survival\u201c More information about the European Capital of Culture Tartu 2024 South Estonia Community&#8230;<\/p>\n","protected":false},"author":211,"featured_media":0,"parent":2321,"menu_order":0,"comment_status":"closed","ping_status":"closed","template":"","meta":{"advgb_blocks_editor_width":"","advgb_blocks_columns_visual_guide":"","footnotes":"","_links_to":"","_links_to_target":""},"acf":[],"yoast_head":"<!-- This site is optimized with the Yoast SEO plugin v21.4 - https:\/\/yoast.com\/wordpress\/plugins\/seo\/ -->\n<title>Community festival \u201eArts of Survival\u201c - visitsouthestonia<\/title>\n<meta name=\"robots\" content=\"index, follow, max-snippet:-1, max-image-preview:large, max-video-preview:-1\" \/>\n<link rel=\"canonical\" href=\"https:\/\/visitsouthestonia.com\/en\/tartu-2024\/community-festival-arts-of-survival\/\" \/>\n<meta property=\"og:locale\" content=\"en_US\" \/>\n<meta property=\"og:type\" content=\"article\" \/>\n<meta property=\"og:title\" content=\"Community festival \u201eArts of Survival\u201c - visitsouthestonia\" \/>\n<meta property=\"og:description\" content=\"&gt;&gt;&gt;EST R\u00f5uge Community Festival \u201eArts of Survival\u201c More information about the European Capital of Culture Tartu 2024 South Estonia Community...\" \/>\n<meta property=\"og:url\" content=\"https:\/\/visitsouthestonia.com\/en\/tartu-2024\/community-festival-arts-of-survival\/\" \/>\n<meta property=\"og:site_name\" content=\"visitsouthestonia\" \/>\n<meta property=\"article:modified_time\" content=\"2024-09-02T05:20:04+00:00\" \/>\n<meta property=\"og:image\" content=\"https:\/\/visitsouthestonia.com\/wp-content\/uploads\/2023\/09\/Add-a-heading4.png\" \/>\n<meta name=\"twitter:card\" content=\"summary_large_image\" \/>\n<meta name=\"twitter:label1\" content=\"Est. reading time\" \/>\n\t<meta name=\"twitter:data1\" content=\"3 minutes\" \/>\n<script type=\"application\/ld+json\" class=\"yoast-schema-graph\">{\"@context\":\"https:\/\/schema.org\",\"@graph\":[{\"@type\":\"WebPage\",\"@id\":\"https:\/\/visitsouthestonia.com\/en\/tartu-2024\/community-festival-arts-of-survival\/\",\"url\":\"https:\/\/visitsouthestonia.com\/en\/tartu-2024\/community-festival-arts-of-survival\/\",\"name\":\"Community festival \u201eArts of Survival\u201c - visitsouthestonia\",\"isPartOf\":{\"@id\":\"https:\/\/visitsouthestonia.com\/community\/#website\"},\"datePublished\":\"2024-01-24T15:05:29+00:00\",\"dateModified\":\"2024-09-02T05:20:04+00:00\",\"breadcrumb\":{\"@id\":\"https:\/\/visitsouthestonia.com\/en\/tartu-2024\/community-festival-arts-of-survival\/#breadcrumb\"},\"inLanguage\":\"en-US\",\"potentialAction\":[{\"@type\":\"ReadAction\",\"target\":[\"https:\/\/visitsouthestonia.com\/en\/tartu-2024\/community-festival-arts-of-survival\/\"]}]},{\"@type\":\"BreadcrumbList\",\"@id\":\"https:\/\/visitsouthestonia.com\/en\/tartu-2024\/community-festival-arts-of-survival\/#breadcrumb\",\"itemListElement\":[{\"@type\":\"ListItem\",\"position\":1,\"name\":\"Tartu 2024\",\"item\":\"https:\/\/visitsouthestonia.com\/en\/tartu-2024\/\"},{\"@type\":\"ListItem\",\"position\":2,\"name\":\"Community festival \u201eArts of Survival\u201c\"}]},{\"@type\":\"WebSite\",\"@id\":\"https:\/\/visitsouthestonia.com\/community\/#website\",\"url\":\"https:\/\/visitsouthestonia.com\/community\/\",\"name\":\"visitsouthestonia\",\"description\":\"Parim puhkus veeda L\u00f5una-Eestis!\",\"potentialAction\":[{\"@type\":\"SearchAction\",\"target\":{\"@type\":\"EntryPoint\",\"urlTemplate\":\"https:\/\/visitsouthestonia.com\/community\/?s={search_term_string}\"},\"query-input\":\"required name=search_term_string\"}],\"inLanguage\":\"en-US\"}]}<\/script>\n<!-- \/ Yoast SEO plugin. -->","yoast_head_json":{"title":"Community festival \u201eArts of Survival\u201c - visitsouthestonia","robots":{"index":"index","follow":"follow","max-snippet":"max-snippet:-1","max-image-preview":"max-image-preview:large","max-video-preview":"max-video-preview:-1"},"canonical":"https:\/\/visitsouthestonia.com\/en\/tartu-2024\/community-festival-arts-of-survival\/","og_locale":"en_US","og_type":"article","og_title":"Community festival \u201eArts of Survival\u201c - visitsouthestonia","og_description":"&gt;&gt;&gt;EST R\u00f5uge Community Festival \u201eArts of Survival\u201c More information about the European Capital of Culture Tartu 2024 South Estonia Community...","og_url":"https:\/\/visitsouthestonia.com\/en\/tartu-2024\/community-festival-arts-of-survival\/","og_site_name":"visitsouthestonia","article_modified_time":"2024-09-02T05:20:04+00:00","og_image":[{"url":"https:\/\/visitsouthestonia.com\/wp-content\/uploads\/2023\/09\/Add-a-heading4.png"}],"twitter_card":"summary_large_image","twitter_misc":{"Est. reading time":"3 minutes"},"schema":{"@context":"https:\/\/schema.org","@graph":[{"@type":"WebPage","@id":"https:\/\/visitsouthestonia.com\/en\/tartu-2024\/community-festival-arts-of-survival\/","url":"https:\/\/visitsouthestonia.com\/en\/tartu-2024\/community-festival-arts-of-survival\/","name":"Community festival \u201eArts of Survival\u201c - visitsouthestonia","isPartOf":{"@id":"https:\/\/visitsouthestonia.com\/community\/#website"},"datePublished":"2024-01-24T15:05:29+00:00","dateModified":"2024-09-02T05:20:04+00:00","breadcrumb":{"@id":"https:\/\/visitsouthestonia.com\/en\/tartu-2024\/community-festival-arts-of-survival\/#breadcrumb"},"inLanguage":"en-US","potentialAction":[{"@type":"ReadAction","target":["https:\/\/visitsouthestonia.com\/en\/tartu-2024\/community-festival-arts-of-survival\/"]}]},{"@type":"BreadcrumbList","@id":"https:\/\/visitsouthestonia.com\/en\/tartu-2024\/community-festival-arts-of-survival\/#breadcrumb","itemListElement":[{"@type":"ListItem","position":1,"name":"Tartu 2024","item":"https:\/\/visitsouthestonia.com\/en\/tartu-2024\/"},{"@type":"ListItem","position":2,"name":"Community festival \u201eArts of Survival\u201c"}]},{"@type":"WebSite","@id":"https:\/\/visitsouthestonia.com\/community\/#website","url":"https:\/\/visitsouthestonia.com\/community\/","name":"visitsouthestonia","description":"Parim puhkus veeda L\u00f5una-Eestis!","potentialAction":[{"@type":"SearchAction","target":{"@type":"EntryPoint","urlTemplate":"https:\/\/visitsouthestonia.com\/community\/?s={search_term_string}"},"query-input":"required name=search_term_string"}],"inLanguage":"en-US"}]}},"coauthors":[],"author_meta":{"author_link":"https:\/\/visitsouthestonia.com\/community\/en\/author\/kaisa-timmi\/","display_name":"Meeri"},"relative_dates":{"created":"Posted 2 years ago","modified":"Updated 2 years ago"},"absolute_dates":{"created":"Posted on 24. Jan 2024","modified":"Updated on 2. Sep 2024"},"absolute_dates_time":{"created":"Posted on 24. Jan 2024 05:05","modified":"Updated on 2. Sep 2024 08:20"},"featured_img_caption":"","featured_img":false,"series_order":"","_links":{"self":[{"href":"https:\/\/visitsouthestonia.com\/community\/en\/wp-json\/wp\/v2\/pages\/20099"}],"collection":[{"href":"https:\/\/visitsouthestonia.com\/community\/en\/wp-json\/wp\/v2\/pages"}],"about":[{"href":"https:\/\/visitsouthestonia.com\/community\/en\/wp-json\/wp\/v2\/types\/page"}],"author":[{"embeddable":true,"href":"https:\/\/visitsouthestonia.com\/community\/en\/wp-json\/wp\/v2\/users\/211"}],"replies":[{"embeddable":true,"href":"https:\/\/visitsouthestonia.com\/community\/en\/wp-json\/wp\/v2\/comments?post=20099"}],"version-history":[{"count":6,"href":"https:\/\/visitsouthestonia.com\/community\/en\/wp-json\/wp\/v2\/pages\/20099\/revisions"}],"predecessor-version":[{"id":21023,"href":"https:\/\/visitsouthestonia.com\/community\/en\/wp-json\/wp\/v2\/pages\/20099\/revisions\/21023"}],"up":[{"embeddable":true,"href":"https:\/\/visitsouthestonia.com\/community\/en\/wp-json\/wp\/v2\/pages\/2321"}],"wp:attachment":[{"href":"https:\/\/visitsouthestonia.com\/community\/en\/wp-json\/wp\/v2\/media?parent=20099"}],"curies":[{"name":"wp","href":"https:\/\/api.w.org\/{rel}","templated":true}]}}