{"id":19742,"date":"2024-01-05T14:26:00","date_gmt":"2024-01-05T12:26:00","guid":{"rendered":"https:\/\/visitsouthestonia.com\/community\/?page_id=19742"},"modified":"2024-01-05T14:26:18","modified_gmt":"2024-01-05T12:26:18","slug":"winter-trails-in-emajoe-suursoo-keskus","status":"publish","type":"page","link":"https:\/\/visitsouthestonia.com\/community\/en\/winter-trails-in-emajoe-suursoo-keskus\/","title":{"rendered":"Winter trails in Emaj\u00f5e-Suursoo Keskus"},"content":{"rendered":"\n<p class=\"wp-el\"><strong>Winter trails in Emaj\u00f5e-Suursoo Keskus<\/strong>: 4 \u2013 10 February 2024<\/p>\n\n\n\n<ul class=\"wp-el\">\n<li>More information: <a href=\"https:\/\/www.facebook.com\/events\/1437548310170295\" target=\"_blank\" rel=\"noreferrer noopener\">facebook.com\u2026<\/a><\/li>\n<\/ul>\n\n\n\n<p class=\"wp-el\">The Winter Trails in Emaj\u00f5e-Suursoo Wetlands takes the seeker of a special natural experience to the frozen marsh trails to experience the heritage and soundscapes in three different places: Varnja, Ahunapalu and Emaj\u00f5e-Suursoo Keskus. During three weeks in the middle of the darkest and coldest Estonian winter, guided hiking tours, movie nights, meetings with historians and writers, concerts and an exhibition programm will be held.&nbsp;<\/p>\n\n\n\n<p class=\"wp-el\">The festival moves week by week from one special point of the Emaj\u00f5e-Suursoo to another, like a row across a frozen marsh. The Winter Trailss Festival at the Emaj\u00f5e-Suursoo center takes place at the end of the festival period: February 4th to February 10th, 2024.<\/p>\n\n\n\n<p class=\"wp-el\">Starting from today&#8217;s center, which used to be a fortress and later a tavern, several winter trails began. From our program, you&#8217;ll find both skiing and snowshoeing trips on the winter trails, an exhibition with emotionally resonant content by Peeter Laurits, a discussion circle with Valdo Praust and Sven Za\u010dek, and a documentary film program. The culmination of the festival, however, is the concert by Mick Pedaja and a marsh disco featuring warm sets by DJs Arto (Radio IDA) and DJ Kevin Park.<\/p>\n\n\n\n<p class=\"wp-el\">The collaboration project of Luunja, Kastre, and Peipsi\u00e4\u00e4re municipalities is part of the South Estonian community program taking place with the support of Leader action groups, which is a part of the main program of the European Capital of Culture Tartu 2024. The program at the Emaj\u00f5e-Suursoo center is managed and organized by Luunja Cultural and Leisure Center.<\/p>\n\n\n\n<p class=\"wp-el\">Ticket sales will open in December. The number of spots for hikes, film screenings, and concerts is limited!<\/p>\n\n\n\n<p class=\"wp-el\">The festival is weather-dependent, and the organizers reserve the right to make changes to the program.<\/p>\n\n\n\n<p class=\"wp-el\">Winter is here &#8211; come to the Winter Trails Festival!<\/p>\n\n\n\n<p class=\"wp-el\">FEBRUARY 4, SUNDAY<br>12:00 Opening of the winter trails outdoor exhibition at the Emaj\u00f5e-Suursoo Center<br>Discussion between Valdo Praust and Sven Za\u010dek about the past and present of the winter trials<br>13:00 Ski hike on the winter trials, all interested are welcome<br>Caf\u00e9 open<\/p>\n\n\n\n<p class=\"wp-el\">FEBRUARY 9, FRIDAY<br>18:00 A White Dream (France, 2023)<br>Language: English French, subtitles: Estonian<br>Nature photographer J\u00e9r\u00e9mie Villet, a lover of cold environments, travels through the white landscapes of the northern hemisphere with his sled and telephoto lens, searching for animals that live in these extreme cold conditions. On his expedition in the northern parts of Canada, J\u00e9r\u00e9mie plans to explore the wild and extreme Yukon region with the goal of photographing the legendary mountain goat. However, the freezing temperatures and hard-to-reach mountainous areas where this animal moves make the task challenging.<br>Original Title: Yukon, Un R\u00eave Blanc<\/p>\n\n\n\n<p class=\"wp-el\">19:00 Opening of Peeter Laurits&#8217; exhibition &#8220;Biotope &#8211; Parliament of Life Forms&#8221;<br>Peeter Laurits provides instructions for viewing the exhibition to achieve the best dialogue: &#8220;It has become clear that if people don&#8217;t start considering the interests of other life forms, our party may be short-lived. Other participants must also be invited to the negotiation table. But how to do that when other life forms perceive, think, and express themselves completely differently from us? The Earth is populated by a huge variety of consciousnesses.&#8221;<br>In his work, Laurits deals with the fundamental questions of being human and the associated paradoxes, the issues of the biosphere, and relationships with other life forms. He collaborates with many creators across fields and generations, both in Estonia and internationally. At the Emaj\u00f5e-Suursoo Center, works from the years 2003 to 2022 are exhibited. The exhibition will remain open until July 21, 2024, on Sundays from 12 PM to 4 PM, and at other times by appointment. More information on the center&#8217;s website.<\/p>\n\n\n\n<p class=\"wp-el\">20:00 Great Bog (Estonia 2022)<br>Documentary film<br>Thirty years ago, Vello moved to the furthest marsh island in Emaj\u00f5e-Suursoo. He left his previous working life and city life to live in harmony with Mother Nature. In Emaj\u00f5e-Suursoo, there is still nature that is disappearing from the rest of the world. The immense deltaic marshland allows creatures to live independently, without significant human interference, although humans have sought refuge and additional food in this marsh for millennia. Vello supports himself through beekeeping and hunting, and his life flows in rhythm with nature.<br>Director of Photography: Remek Meel, Producer: Riho V\u00e4strik.<\/p>\n\n\n\n<p class=\"wp-el\">21:00 Bear Hunt in P\u00e4rnumaa, DJ Arto<br>Estonia&#8217;s first feature film shot by Johannes P\u00e4\u00e4suke depicts a failed bear hunt, a political satire inspired by the actual conflict between P\u00e4rnu Mayor Oskar Brackmann and journalist Jaan Karu, against the broader backdrop of the election struggle between Estonians and Baltic Germans in the P\u00e4rnu City Council. Viewers familiar with current events immediately understood that the film didn&#8217;t portray a hunt for some mystical bear in the forests of V\u00e4ndra but rather a very specific Jaan Karu, the editor of P\u00e4rnu Postimees and an enthusiastic supporter of the Estonian Independence Party.<\/p>\n\n\n\n<p class=\"wp-el\">Arto &#8211; Co-author of the event series and the eponymous IDA radio show HELIOS, whose style has consistently provided surprises to both new and seasoned club-goers. Drawing inspiration from a wide music spectrum, his sets encompass early techno, naive minimalism from the mid-2000s, and futuristic electro. Elegant yet otherworldly, consistent yet surprising &#8211; an unwaveringly dedicated DJ whose unique approach has made him a frequent guest in the alternative clubs of the capital.<br>Meeli Caf\u00e9 is open where you can buy warm food and drinks.<\/p>\n\n\n\n<p class=\"wp-el\">FEBRUARY 10, SATURDAY<br>11:00-16:00 Ski hike on the winter trails, all interested are welcome<br>17:00 Emaj\u00f5e-Suursoo Center and cafes open<br>19:00 Mick Pedaja concert and marsh disco, DJs Arto and Kevin Park<br>Mick Pedaja&#8217;s musical journey has taken him from a school basement punk band to large stages. Like most Estonian kids, Pedaja sang in the school choir, but he also took additional singing lessons and learned to play the guitar. Pedaja&#8217;s music has gradually moved from loud and noisy to quieter tones. As a composer, he has developed a preference for a blend of ambient, acoustic folk, and melodic electronic music. Pedaja has created music for various films and series, such as Martti Helde&#8217;s film &#8220;Scandinavian Silence&#8221; (2019). He has also collaborated on projects and films with director Ergo Kuld, such as &#8220;Winter \/ What a Heart Says,&#8221; &#8220;Traitor,&#8221; &#8220;On the Front Line,&#8221; &#8220;In Light &amp; Shadow,&#8221; and his music is featured in the film &#8220;Marsh&#8221;. Additionally, Pedaja has performed in concerts with Kristjan J\u00e4rv and various orchestras (Baltic Sea Philharmonic, among others).<\/p>\n\n\n\n<p class=\"wp-el\">DJ Kevin Park, also known as Bobek, is an adventurer from P\u00e4rnu who navigates through the music world in his own eclectic way. He loves sailing across the genre sea in his eclectic boat. Former host of several Raadio 2 shows such as Parkla, Balti Jaam, Kaabel, and Hinget\u00f5mme from 2018 to 2022. Released two albums under the alias Bobek: &#8220;Facts&#8221; (2020) and &#8220;About Humanity&#8221; (2021).<\/p>\n\n\n\n<p class=\"wp-el\">DJ Arto &#8211; co-author of the event series and the eponymous IDA radio show HELIOS, whose style has consistently provided surprises to both new and seasoned club-goers. Drawing inspiration from a wide music spectrum, his sets encompass early techno, naive minimalism from the mid-2000s, and futuristic electro. Elegant yet otherworldly, consistent yet surprising &#8211; an unwaveringly dedicated DJ whose unique approach has made him a frequent guest in the alternative clubs of the capital.<\/p>\n","protected":false},"excerpt":{"rendered":"<p>Winter trails in Emaj\u00f5e-Suursoo Keskus: 4 \u2013 10 February 2024 The Winter Trails in Emaj\u00f5e-Suursoo Wetlands takes the seeker of&#8230;<\/p>\n","protected":false},"author":211,"featured_media":0,"parent":0,"menu_order":0,"comment_status":"closed","ping_status":"closed","template":"","meta":{"advgb_blocks_editor_width":"","advgb_blocks_columns_visual_guide":"","footnotes":"","_links_to":"","_links_to_target":""},"acf":[],"yoast_head":"<!-- This site is optimized with the Yoast SEO plugin v21.4 - https:\/\/yoast.com\/wordpress\/plugins\/seo\/ -->\n<title>Winter trails in Emaj\u00f5e-Suursoo Keskus - visitsouthestonia<\/title>\n<meta name=\"robots\" content=\"index, follow, max-snippet:-1, max-image-preview:large, max-video-preview:-1\" \/>\n<link rel=\"canonical\" href=\"https:\/\/visitsouthestonia.com\/en\/winter-trails-in-emajoe-suursoo-keskus\/\" \/>\n<meta property=\"og:locale\" content=\"en_US\" \/>\n<meta property=\"og:type\" content=\"article\" \/>\n<meta property=\"og:title\" content=\"Winter trails in Emaj\u00f5e-Suursoo Keskus - visitsouthestonia\" \/>\n<meta property=\"og:description\" content=\"Winter trails in Emaj\u00f5e-Suursoo Keskus: 4 \u2013 10 February 2024 The Winter Trails in Emaj\u00f5e-Suursoo Wetlands takes the seeker of...\" \/>\n<meta property=\"og:url\" content=\"https:\/\/visitsouthestonia.com\/en\/winter-trails-in-emajoe-suursoo-keskus\/\" \/>\n<meta property=\"og:site_name\" content=\"visitsouthestonia\" \/>\n<meta property=\"article:modified_time\" content=\"2024-01-05T12:26:18+00:00\" \/>\n<meta name=\"twitter:card\" content=\"summary_large_image\" \/>\n<meta name=\"twitter:label1\" content=\"Est. reading time\" \/>\n\t<meta name=\"twitter:data1\" content=\"7 minutes\" \/>\n<script type=\"application\/ld+json\" class=\"yoast-schema-graph\">{\"@context\":\"https:\/\/schema.org\",\"@graph\":[{\"@type\":\"WebPage\",\"@id\":\"https:\/\/visitsouthestonia.com\/en\/winter-trails-in-emajoe-suursoo-keskus\/\",\"url\":\"https:\/\/visitsouthestonia.com\/en\/winter-trails-in-emajoe-suursoo-keskus\/\",\"name\":\"Winter trails in Emaj\u00f5e-Suursoo Keskus - visitsouthestonia\",\"isPartOf\":{\"@id\":\"https:\/\/visitsouthestonia.com\/community\/#website\"},\"datePublished\":\"2024-01-05T12:26:00+00:00\",\"dateModified\":\"2024-01-05T12:26:18+00:00\",\"inLanguage\":\"en-US\",\"potentialAction\":[{\"@type\":\"ReadAction\",\"target\":[\"https:\/\/visitsouthestonia.com\/en\/winter-trails-in-emajoe-suursoo-keskus\/\"]}]},{\"@type\":\"WebSite\",\"@id\":\"https:\/\/visitsouthestonia.com\/community\/#website\",\"url\":\"https:\/\/visitsouthestonia.com\/community\/\",\"name\":\"visitsouthestonia\",\"description\":\"Parim puhkus veeda L\u00f5una-Eestis!\",\"potentialAction\":[{\"@type\":\"SearchAction\",\"target\":{\"@type\":\"EntryPoint\",\"urlTemplate\":\"https:\/\/visitsouthestonia.com\/community\/?s={search_term_string}\"},\"query-input\":\"required name=search_term_string\"}],\"inLanguage\":\"en-US\"}]}<\/script>\n<!-- \/ Yoast SEO plugin. -->","yoast_head_json":{"title":"Winter trails in Emaj\u00f5e-Suursoo Keskus - visitsouthestonia","robots":{"index":"index","follow":"follow","max-snippet":"max-snippet:-1","max-image-preview":"max-image-preview:large","max-video-preview":"max-video-preview:-1"},"canonical":"https:\/\/visitsouthestonia.com\/en\/winter-trails-in-emajoe-suursoo-keskus\/","og_locale":"en_US","og_type":"article","og_title":"Winter trails in Emaj\u00f5e-Suursoo Keskus - visitsouthestonia","og_description":"Winter trails in Emaj\u00f5e-Suursoo Keskus: 4 \u2013 10 February 2024 The Winter Trails in Emaj\u00f5e-Suursoo Wetlands takes the seeker of...","og_url":"https:\/\/visitsouthestonia.com\/en\/winter-trails-in-emajoe-suursoo-keskus\/","og_site_name":"visitsouthestonia","article_modified_time":"2024-01-05T12:26:18+00:00","twitter_card":"summary_large_image","twitter_misc":{"Est. reading time":"7 minutes"},"schema":{"@context":"https:\/\/schema.org","@graph":[{"@type":"WebPage","@id":"https:\/\/visitsouthestonia.com\/en\/winter-trails-in-emajoe-suursoo-keskus\/","url":"https:\/\/visitsouthestonia.com\/en\/winter-trails-in-emajoe-suursoo-keskus\/","name":"Winter trails in Emaj\u00f5e-Suursoo Keskus - visitsouthestonia","isPartOf":{"@id":"https:\/\/visitsouthestonia.com\/community\/#website"},"datePublished":"2024-01-05T12:26:00+00:00","dateModified":"2024-01-05T12:26:18+00:00","inLanguage":"en-US","potentialAction":[{"@type":"ReadAction","target":["https:\/\/visitsouthestonia.com\/en\/winter-trails-in-emajoe-suursoo-keskus\/"]}]},{"@type":"WebSite","@id":"https:\/\/visitsouthestonia.com\/community\/#website","url":"https:\/\/visitsouthestonia.com\/community\/","name":"visitsouthestonia","description":"Parim puhkus veeda L\u00f5una-Eestis!","potentialAction":[{"@type":"SearchAction","target":{"@type":"EntryPoint","urlTemplate":"https:\/\/visitsouthestonia.com\/community\/?s={search_term_string}"},"query-input":"required name=search_term_string"}],"inLanguage":"en-US"}]}},"coauthors":[],"author_meta":{"author_link":"https:\/\/visitsouthestonia.com\/community\/en\/author\/kaisa-timmi\/","display_name":"Meeri"},"relative_dates":{"created":"Posted 2 years ago","modified":"Updated 2 years ago"},"absolute_dates":{"created":"Posted on 5. Jan 2024","modified":"Updated on 5. Jan 2024"},"absolute_dates_time":{"created":"Posted on 5. Jan 2024 02:26","modified":"Updated on 5. Jan 2024 02:26"},"featured_img_caption":"","featured_img":false,"series_order":"","_links":{"self":[{"href":"https:\/\/visitsouthestonia.com\/community\/en\/wp-json\/wp\/v2\/pages\/19742"}],"collection":[{"href":"https:\/\/visitsouthestonia.com\/community\/en\/wp-json\/wp\/v2\/pages"}],"about":[{"href":"https:\/\/visitsouthestonia.com\/community\/en\/wp-json\/wp\/v2\/types\/page"}],"author":[{"embeddable":true,"href":"https:\/\/visitsouthestonia.com\/community\/en\/wp-json\/wp\/v2\/users\/211"}],"replies":[{"embeddable":true,"href":"https:\/\/visitsouthestonia.com\/community\/en\/wp-json\/wp\/v2\/comments?post=19742"}],"version-history":[{"count":2,"href":"https:\/\/visitsouthestonia.com\/community\/en\/wp-json\/wp\/v2\/pages\/19742\/revisions"}],"predecessor-version":[{"id":19745,"href":"https:\/\/visitsouthestonia.com\/community\/en\/wp-json\/wp\/v2\/pages\/19742\/revisions\/19745"}],"wp:attachment":[{"href":"https:\/\/visitsouthestonia.com\/community\/en\/wp-json\/wp\/v2\/media?parent=19742"}],"curies":[{"name":"wp","href":"https:\/\/api.w.org\/{rel}","templated":true}]}}