{"id":19729,"date":"2024-01-04T12:24:51","date_gmt":"2024-01-04T10:24:51","guid":{"rendered":"https:\/\/visitsouthestonia.com\/community\/?page_id=19729"},"modified":"2024-01-17T11:51:30","modified_gmt":"2024-01-17T09:51:30","slug":"winter-trails-in-ahunapalu","status":"publish","type":"page","link":"https:\/\/visitsouthestonia.com\/community\/en\/winter-trails-in-ahunapalu\/","title":{"rendered":"Winter trails in Ahunapalu"},"content":{"rendered":"\n<p class=\"wp-el\"><strong>Winter trails in Ahunapalu<\/strong>: 28 January \u2013 3 February 2024<\/p>\n\n\n\n<ul class=\"wp-el\">\n<li>More information: <a href=\"https:\/\/www.facebook.com\/events\/682733387396768\" target=\"_blank\" rel=\"noreferrer noopener\">facebook.com&#8230;<\/a><\/li>\n<\/ul>\n\n\n\n<p class=\"wp-el\">Winter Trails in Ahunapalu takes place in the middle of the festival period at the Ahunapalu village. There will be an exhibition about the history of winter trails (curated by Valdo Praust) and a heated tent where thematic discussions and a spectacle with shadows will take place. Guided snowshoe hikes take place on historic winter roads hidden in the surrounding marshes. Those interested have the opportunity to ride push sleds and horse-drawn sleighs.<\/p>\n\n\n\n<p class=\"wp-el\">The Ahunapalu program is managed and organized by the Department of Education and Culture of Kastre municipality and sub-institutions in cooperation with local entrepreneurs and volunteers. The hiking program is offered by <a href=\"https:\/\/naturetoursestonia.com\/loodusmatkad\/\">Nature <\/a><a href=\"https:\/\/naturetoursestonia.com\/loodusmatkad\/\" target=\"_blank\" rel=\"noreferrer noopener\">Tours <\/a><a href=\"https:\/\/naturetoursestonia.com\/loodusmatkad\/\">Estonia<\/a>.<\/p>\n\n\n\n<p class=\"wp-el\">Ticket sales will open in December. The number of places for hikes, discussion groups and performances is limited!<\/p>\n\n\n\n<p class=\"wp-el\">The festival depends on weather conditions, and the organizer has the right to make changes to the program.<\/p>\n\n\n\n<p class=\"wp-el\">Schedule:<\/p>\n\n\n\n<p class=\"wp-el\">Sun, 28.01<br>at 12 exhibition launch and a tour with the researcher<br>at 13-16 snow shoe hike on historic winter trail (with ticket)<br>at 17 fire show<br>horse sleigh rides<\/p>\n\n\n\n<p class=\"wp-el\">Mon, 29.01<br>at 11-15 the exhibition is open<br>at 12-14 snow shoe hike (with ticket)<br>at 14-15 discussion group on hiking in nature: Henrik Relve (with ticket)<\/p>\n\n\n\n<p class=\"wp-el\">Tue, 30.01<br>at 11-15 the exhibition is open<br>at 12-14 snow shoe hike (with ticket)<br>at 14-15 discussion group on nature and literature: Valdur Mikita (with ticket)<\/p>\n\n\n\n<p class=\"wp-el\">Thu, 01.02<br>at 11-15 the exhibition is open<br>at 12-14 snow shoe hike (with ticket)<br>at 14-15 discussion group on the cultural heritage: Marju K\u00f5ivupuu (with ticket)<\/p>\n\n\n\n<p class=\"wp-el\">Fri, 02.02<br>at 11-15 the exhibition is open<br>at 17-19 discussion group on the local language and mores: Urmas Kalla (with ticket)<\/p>\n\n\n\n<p class=\"wp-el\">Sat, 03.02<br>at 11-15 the exhibition is open<br>and 10-13 and at 14:30-16:30 nature walks (with ticket)<br>at 12, 13, 15 and 16 Spectacle with shadows: Lemoot company (with ticket)<br>At 17 \u2013 traditional music by Juhan Uppin<br>sleigh rides<\/p>\n\n\n\n<p class=\"wp-el\">Performers:<\/p>\n\n\n\n<p class=\"wp-el\">Hendrik Relve is a renowned Estonian nature journalist and photographer, a beloved radio voice and traveller. Ever since he was a student, he has been connected to Emaj\u00f5e-Suursoo with great love for both its natural and cultural environment.<\/p>\n\n\n\n<p class=\"wp-el\">Valdur Mikita is an Estonian writer and semiotician, master of synesthesia and language games. His works playfully deal with the themes of nationalism, natural environment and cultural history.<\/p>\n\n\n\n<p class=\"wp-el\">Marju K\u00f5ivupuu is an Estonian folkloris. She is a senior researcher at Tallinn University&#8217;s Center for Landscape and Culture and has studied the relationship between man, nature and landscape, as well as death culture and folk medicine.<\/p>\n\n\n\n<p class=\"wp-el\">Urmas Kalla is a language researcher and nature enthusiast from Mehikoorma. He is a collaborator of the V\u00f5ru Institute and editor of &#8220;The toponymy and past of V\u00f5nnu parish&#8221; (2016) and has researched local Kalevipoja (hero of the national epos) stories. He is a frequent visitor to Emaj\u00f5e-Suursoo, has researched the place names of Ahunapalu and Meerapalu and has translated the national epic &#8220;Kal\u00f5vipoig&#8221; into the V\u00f5ro language.<\/p>\n\n\n\n<p class=\"wp-el\">Lemoot company is a dance and performance art company founded in the summer of 2020, the core of which is made up of sisters Johhanna Anett and Helle Mari Toomel. They create original dance productions, laughing at the absurdity of life, talking about love, or referring to the painful aspects of our society. Their production &#8220;Fish Out of Water&#8221; was a nominee of 2022 Estonian theater awards. They will create a small scale performance for Winter Trails using the tools of visual theater specially created for this occasion.<\/p>\n\n\n\n<p class=\"wp-el\">Fire show artist, master of balance and stuntman Tauri Vahesaar brings his powerful fire and pyrotechnics production combining acrobatic and stunt tricks to the Ahunapalu village road.<\/p>\n\n\n\n<p class=\"wp-el\">In 2023, Juhan Uppin was crowned the Creator of the Year by the Estonian Folk Dance and Folk Music Society, and in 2018, the first Trad musician of the Republic. Thanks to Juhan&#8217;s dedication, the Folk Music Celebration has found an equal place next to the Song and Dance Celebration, the biggest Estonian culture festival held every 4 years in Tallinn. He is a researcher and player of both the Teppo-type accordion and p\u00e4karauakannel, a special kannel playing technique coming from Ahunapalu.<\/p>\n","protected":false},"excerpt":{"rendered":"<p>Winter trails in Ahunapalu: 28 January \u2013 3 February 2024 Winter Trails in Ahunapalu takes place in the middle of&#8230;<\/p>\n","protected":false},"author":211,"featured_media":0,"parent":0,"menu_order":0,"comment_status":"closed","ping_status":"closed","template":"","meta":{"advgb_blocks_editor_width":"","advgb_blocks_columns_visual_guide":"","footnotes":"","_links_to":"","_links_to_target":""},"acf":[],"yoast_head":"<!-- This site is optimized with the Yoast SEO plugin v21.4 - https:\/\/yoast.com\/wordpress\/plugins\/seo\/ -->\n<title>Winter trails in Ahunapalu - visitsouthestonia<\/title>\n<meta name=\"robots\" content=\"index, follow, max-snippet:-1, max-image-preview:large, max-video-preview:-1\" \/>\n<link rel=\"canonical\" href=\"https:\/\/visitsouthestonia.com\/en\/winter-trails-in-ahunapalu\/\" \/>\n<meta property=\"og:locale\" content=\"en_US\" \/>\n<meta property=\"og:type\" content=\"article\" \/>\n<meta property=\"og:title\" content=\"Winter trails in Ahunapalu - visitsouthestonia\" \/>\n<meta property=\"og:description\" content=\"Winter trails in Ahunapalu: 28 January \u2013 3 February 2024 Winter Trails in Ahunapalu takes place in the middle of...\" \/>\n<meta property=\"og:url\" content=\"https:\/\/visitsouthestonia.com\/en\/winter-trails-in-ahunapalu\/\" \/>\n<meta property=\"og:site_name\" content=\"visitsouthestonia\" \/>\n<meta property=\"article:modified_time\" content=\"2024-01-17T09:51:30+00:00\" \/>\n<meta name=\"twitter:card\" content=\"summary_large_image\" \/>\n<meta name=\"twitter:label1\" content=\"Est. reading time\" \/>\n\t<meta name=\"twitter:data1\" content=\"4 minutes\" \/>\n<script type=\"application\/ld+json\" class=\"yoast-schema-graph\">{\"@context\":\"https:\/\/schema.org\",\"@graph\":[{\"@type\":\"WebPage\",\"@id\":\"https:\/\/visitsouthestonia.com\/en\/winter-trails-in-ahunapalu\/\",\"url\":\"https:\/\/visitsouthestonia.com\/en\/winter-trails-in-ahunapalu\/\",\"name\":\"Winter trails in Ahunapalu - visitsouthestonia\",\"isPartOf\":{\"@id\":\"https:\/\/visitsouthestonia.com\/community\/#website\"},\"datePublished\":\"2024-01-04T10:24:51+00:00\",\"dateModified\":\"2024-01-17T09:51:30+00:00\",\"inLanguage\":\"en-US\",\"potentialAction\":[{\"@type\":\"ReadAction\",\"target\":[\"https:\/\/visitsouthestonia.com\/en\/winter-trails-in-ahunapalu\/\"]}]},{\"@type\":\"WebSite\",\"@id\":\"https:\/\/visitsouthestonia.com\/community\/#website\",\"url\":\"https:\/\/visitsouthestonia.com\/community\/\",\"name\":\"visitsouthestonia\",\"description\":\"Parim puhkus veeda L\u00f5una-Eestis!\",\"potentialAction\":[{\"@type\":\"SearchAction\",\"target\":{\"@type\":\"EntryPoint\",\"urlTemplate\":\"https:\/\/visitsouthestonia.com\/community\/?s={search_term_string}\"},\"query-input\":\"required name=search_term_string\"}],\"inLanguage\":\"en-US\"}]}<\/script>\n<!-- \/ Yoast SEO plugin. -->","yoast_head_json":{"title":"Winter trails in Ahunapalu - visitsouthestonia","robots":{"index":"index","follow":"follow","max-snippet":"max-snippet:-1","max-image-preview":"max-image-preview:large","max-video-preview":"max-video-preview:-1"},"canonical":"https:\/\/visitsouthestonia.com\/en\/winter-trails-in-ahunapalu\/","og_locale":"en_US","og_type":"article","og_title":"Winter trails in Ahunapalu - visitsouthestonia","og_description":"Winter trails in Ahunapalu: 28 January \u2013 3 February 2024 Winter Trails in Ahunapalu takes place in the middle of...","og_url":"https:\/\/visitsouthestonia.com\/en\/winter-trails-in-ahunapalu\/","og_site_name":"visitsouthestonia","article_modified_time":"2024-01-17T09:51:30+00:00","twitter_card":"summary_large_image","twitter_misc":{"Est. reading time":"4 minutes"},"schema":{"@context":"https:\/\/schema.org","@graph":[{"@type":"WebPage","@id":"https:\/\/visitsouthestonia.com\/en\/winter-trails-in-ahunapalu\/","url":"https:\/\/visitsouthestonia.com\/en\/winter-trails-in-ahunapalu\/","name":"Winter trails in Ahunapalu - visitsouthestonia","isPartOf":{"@id":"https:\/\/visitsouthestonia.com\/community\/#website"},"datePublished":"2024-01-04T10:24:51+00:00","dateModified":"2024-01-17T09:51:30+00:00","inLanguage":"en-US","potentialAction":[{"@type":"ReadAction","target":["https:\/\/visitsouthestonia.com\/en\/winter-trails-in-ahunapalu\/"]}]},{"@type":"WebSite","@id":"https:\/\/visitsouthestonia.com\/community\/#website","url":"https:\/\/visitsouthestonia.com\/community\/","name":"visitsouthestonia","description":"Parim puhkus veeda L\u00f5una-Eestis!","potentialAction":[{"@type":"SearchAction","target":{"@type":"EntryPoint","urlTemplate":"https:\/\/visitsouthestonia.com\/community\/?s={search_term_string}"},"query-input":"required name=search_term_string"}],"inLanguage":"en-US"}]}},"coauthors":[],"author_meta":{"author_link":"https:\/\/visitsouthestonia.com\/community\/en\/author\/kaisa-timmi\/","display_name":"Meeri"},"relative_dates":{"created":"Posted 2 years ago","modified":"Updated 2 years ago"},"absolute_dates":{"created":"Posted on 4. Jan 2024","modified":"Updated on 17. Jan 2024"},"absolute_dates_time":{"created":"Posted on 4. Jan 2024 12:24","modified":"Updated on 17. Jan 2024 11:51"},"featured_img_caption":"","featured_img":false,"series_order":"","_links":{"self":[{"href":"https:\/\/visitsouthestonia.com\/community\/en\/wp-json\/wp\/v2\/pages\/19729"}],"collection":[{"href":"https:\/\/visitsouthestonia.com\/community\/en\/wp-json\/wp\/v2\/pages"}],"about":[{"href":"https:\/\/visitsouthestonia.com\/community\/en\/wp-json\/wp\/v2\/types\/page"}],"author":[{"embeddable":true,"href":"https:\/\/visitsouthestonia.com\/community\/en\/wp-json\/wp\/v2\/users\/211"}],"replies":[{"embeddable":true,"href":"https:\/\/visitsouthestonia.com\/community\/en\/wp-json\/wp\/v2\/comments?post=19729"}],"version-history":[{"count":3,"href":"https:\/\/visitsouthestonia.com\/community\/en\/wp-json\/wp\/v2\/pages\/19729\/revisions"}],"predecessor-version":[{"id":19911,"href":"https:\/\/visitsouthestonia.com\/community\/en\/wp-json\/wp\/v2\/pages\/19729\/revisions\/19911"}],"wp:attachment":[{"href":"https:\/\/visitsouthestonia.com\/community\/en\/wp-json\/wp\/v2\/media?parent=19729"}],"curies":[{"name":"wp","href":"https:\/\/api.w.org\/{rel}","templated":true}]}}