{"id":14315,"date":"2023-09-08T08:56:42","date_gmt":"2023-09-08T05:56:42","guid":{"rendered":"https:\/\/visitsouthestonia.com\/community\/?page_id=14315"},"modified":"2024-08-05T09:16:05","modified_gmt":"2024-08-05T06:16:05","slug":"pop-up-cafe-days-seto-kostipaiv","status":"publish","type":"page","link":"https:\/\/visitsouthestonia.com\/community\/en\/tartu-2024\/pop-up-cafe-days-seto-kostipaiv\/","title":{"rendered":"Pop-up caf\u00e9 days \u201cSeto Kostip\u00e4iv\u201c"},"content":{"rendered":"\n<p class=\"has-text-align-right wp-el\"><a href=\"https:\/\/visitsouthestonia.com\/community\/tartu-2024\/seto-kostipaiva-aastaring\/\">&gt;&gt;&gt;EST<\/a><\/p>\n\n\n\n<figure class=\"wp-block-image size-full\"><img decoding=\"async\" loading=\"lazy\" width=\"1200\" height=\"120\" src=\"https:\/\/visitsouthestonia.com\/community\/wp-content\/uploads\/2023\/09\/Add-a-heading5.png\" alt=\"\" class=\"wp-image-14349\" srcset=\"https:\/\/visitsouthestonia.com\/community\/wp-content\/uploads\/2023\/09\/Add-a-heading5.png 1200w, https:\/\/visitsouthestonia.com\/community\/wp-content\/uploads\/2023\/09\/Add-a-heading5-768x77.png 768w, https:\/\/visitsouthestonia.com\/community\/wp-content\/uploads\/2023\/09\/Add-a-heading5-350x35.png 350w, https:\/\/visitsouthestonia.com\/community\/wp-content\/uploads\/2023\/09\/Add-a-heading5-1100x110.png 1100w, https:\/\/visitsouthestonia.com\/community\/wp-content\/uploads\/2023\/09\/Add-a-heading5-230x23.png 230w, https:\/\/visitsouthestonia.com\/community\/wp-content\/uploads\/2023\/09\/Add-a-heading5-210x21.png 210w, https:\/\/visitsouthestonia.com\/community\/wp-content\/uploads\/2023\/09\/Add-a-heading5-188x19.png 188w, https:\/\/visitsouthestonia.com\/community\/wp-content\/uploads\/2023\/09\/Add-a-heading5-370x37.png 370w\" sizes=\"(max-width: 1200px) 100vw, 1200px\" \/><\/figure>\n\n\n\n<h1 class=\"wp-block-heading wp-el\"><strong><strong><strong><strong><strong><strong><strong><em>Seto Kostip\u00e4iv<\/em> delights visitors with its hospitality<\/strong><\/strong><\/strong><\/strong><\/strong><\/strong><\/strong><\/h1>\n\n\n\n<div class=\"wp-block-advgb-columns advgb-columns-wrapper\" id=\"advgb-cols-637f635e-9a81-4d7b-b7b3-c8122f53eab6\"><div class=\"advgb-columns-container\"><div class=\"advgb-columns advgb-columns-row advgb-is-mobile advgb-columns-2 layout-12-12 mbl-layout-stacked vgutter-10\">\n<div class=\"wp-block-advgb-column advgb-column advgb-is-half-tablet advgb-is-full-mobile\" id=\"advgb-col-21dd42a9-a5e8-4e00-aab1-61ae59f68ef9\"><div class=\"advgb-column-inner\" style=\"border-style:none;border-width:1px\">\n<p class=\"wp-el\"><em>S\u00f5ir<\/em> (fresh pressed curd cheese), <em>suulliim<\/em> (a cold soup served in summertime), <em>kikkaseenepiirak <\/em>(pastry made from chanterelle mushrooms) \u2013 these and many other delicacies typical of traditional Seto cuisine make you glance at the calendar \u2013 when will the <em>Seto Kostip\u00e4iv<\/em> (pop-up caf\u00e9 day) finally begin? In 12-13 August 2023 and in summer 2024, if you happen to hear the compelling sound of the garmon or the exotic Seto leelo singing, come and step into one of the local farmyards where a cosy pop-up caf\u00e9 awaits. Stay for a while and savour dishes made using grandmothers\u2019 recipes. <\/p>\n\n\n\n<p class=\"wp-el\">Take time to experience authentic Seto cuisine and relax your body and soul. As you can only eat so much, bring a lunchbox with you, and you\u2019ll be ready for an evening concert. We actually recommend staying for a night since next morning some caf\u00e9s will host a so-called per\u00e4p\u00fct\u00fcp\u00e4iv, i.e., the serving of leftovers, which also may surprise you. <em>Seto Kostip\u00e4iv<\/em> is organised by NGO Seto K\u00fc\u00fck.<\/p>\n<\/div><\/div>\n\n\n\n<div class=\"wp-block-advgb-column advgb-column advgb-is-half-tablet advgb-is-full-mobile\" id=\"advgb-col-3e3e7d74-e7ba-4652-86b6-d1027894dd9b\"><div class=\"advgb-column-inner\" style=\"border-style:none;border-width:1px\">\n<p class=\"wp-el\"><img decoding=\"async\" loading=\"lazy\" width=\"128\" height=\"128\" class=\"wp-image-12135\" style=\"width: 20px;\" src=\"https:\/\/visitsouthestonia.com\/community\/wp-content\/uploads\/2023\/05\/meresinine-nool.png\" alt=\"\" srcset=\"https:\/\/visitsouthestonia.com\/community\/wp-content\/uploads\/2023\/05\/meresinine-nool.png 128w, https:\/\/visitsouthestonia.com\/community\/wp-content\/uploads\/2023\/05\/meresinine-nool-51x51.png 51w, https:\/\/visitsouthestonia.com\/community\/wp-content\/uploads\/2023\/05\/meresinine-nool-70x70.png 70w, https:\/\/visitsouthestonia.com\/community\/wp-content\/uploads\/2023\/05\/meresinine-nool-120x120.png 120w, https:\/\/visitsouthestonia.com\/community\/wp-content\/uploads\/2023\/05\/meresinine-nool-100x100.png 100w, https:\/\/visitsouthestonia.com\/community\/wp-content\/uploads\/2023\/05\/meresinine-nool-54x54.png 54w\" sizes=\"(max-width: 128px) 100vw, 128px\" \/> Date:  <strong>12 &#8211; 13<\/strong> <strong>August 2023 and 10 &#8211; 11 August 2024 <\/strong><\/p>\n\n\n\n<p class=\"wp-el\"><img decoding=\"async\" loading=\"lazy\" width=\"128\" height=\"128\" class=\"wp-image-12135\" style=\"width: 20px;\" src=\"https:\/\/visitsouthestonia.com\/community\/wp-content\/uploads\/2023\/05\/meresinine-nool.png\" alt=\"\" srcset=\"https:\/\/visitsouthestonia.com\/community\/wp-content\/uploads\/2023\/05\/meresinine-nool.png 128w, https:\/\/visitsouthestonia.com\/community\/wp-content\/uploads\/2023\/05\/meresinine-nool-51x51.png 51w, https:\/\/visitsouthestonia.com\/community\/wp-content\/uploads\/2023\/05\/meresinine-nool-70x70.png 70w, https:\/\/visitsouthestonia.com\/community\/wp-content\/uploads\/2023\/05\/meresinine-nool-120x120.png 120w, https:\/\/visitsouthestonia.com\/community\/wp-content\/uploads\/2023\/05\/meresinine-nool-100x100.png 100w, https:\/\/visitsouthestonia.com\/community\/wp-content\/uploads\/2023\/05\/meresinine-nool-54x54.png 54w\" sizes=\"(max-width: 128px) 100vw, 128px\" \/> Location: Setomaa, Southeast Estonia<\/p>\n\n\n\n<p class=\"wp-el\"><img decoding=\"async\" loading=\"lazy\" width=\"128\" height=\"128\" class=\"wp-image-12135\" style=\"width: 20px;\" src=\"https:\/\/visitsouthestonia.com\/community\/wp-content\/uploads\/2023\/05\/meresinine-nool.png\" alt=\"\" srcset=\"https:\/\/visitsouthestonia.com\/community\/wp-content\/uploads\/2023\/05\/meresinine-nool.png 128w, https:\/\/visitsouthestonia.com\/community\/wp-content\/uploads\/2023\/05\/meresinine-nool-51x51.png 51w, https:\/\/visitsouthestonia.com\/community\/wp-content\/uploads\/2023\/05\/meresinine-nool-70x70.png 70w, https:\/\/visitsouthestonia.com\/community\/wp-content\/uploads\/2023\/05\/meresinine-nool-120x120.png 120w, https:\/\/visitsouthestonia.com\/community\/wp-content\/uploads\/2023\/05\/meresinine-nool-100x100.png 100w, https:\/\/visitsouthestonia.com\/community\/wp-content\/uploads\/2023\/05\/meresinine-nool-54x54.png 54w\" sizes=\"(max-width: 128px) 100vw, 128px\" \/> More information: <a href=\"https:\/\/www.setokyyk.ee\/et\/seto-kostipaiv-2023\" target=\"_blank\" rel=\"noreferrer noopener\">setokyyk.ee\/en\/pop-up-cafe-days<\/a><\/p>\n\n\n\n<p class=\"wp-el\"><img decoding=\"async\" loading=\"lazy\" width=\"128\" height=\"128\" class=\"wp-image-12135\" style=\"width: 20px;\" src=\"https:\/\/visitsouthestonia.com\/community\/wp-content\/uploads\/2023\/05\/meresinine-nool.png\" alt=\"\" srcset=\"https:\/\/visitsouthestonia.com\/community\/wp-content\/uploads\/2023\/05\/meresinine-nool.png 128w, https:\/\/visitsouthestonia.com\/community\/wp-content\/uploads\/2023\/05\/meresinine-nool-51x51.png 51w, https:\/\/visitsouthestonia.com\/community\/wp-content\/uploads\/2023\/05\/meresinine-nool-70x70.png 70w, https:\/\/visitsouthestonia.com\/community\/wp-content\/uploads\/2023\/05\/meresinine-nool-120x120.png 120w, https:\/\/visitsouthestonia.com\/community\/wp-content\/uploads\/2023\/05\/meresinine-nool-100x100.png 100w, https:\/\/visitsouthestonia.com\/community\/wp-content\/uploads\/2023\/05\/meresinine-nool-54x54.png 54w\" sizes=\"(max-width: 128px) 100vw, 128px\" \/> Contact: \u00dclle P\u00e4rnoja, ylle@setomaa.ee, +372 513 1366<\/p>\n\n\n\n<div class=\"wp-block-columns is-layout-flex wp-container-2 wp-block-columns-is-layout-flex\">\n<div class=\"wp-block-column is-layout-flow wp-block-column-is-layout-flow\" style=\"flex-basis:100%\">\n<figure class=\"wp-block-image size-large\"><img decoding=\"async\" loading=\"lazy\" width=\"1200\" height=\"1125\" src=\"https:\/\/visitsouthestonia.com\/community\/wp-content\/uploads\/2023\/06\/SetoKostipaiv-39-1200x1125.jpg\" alt=\"\" class=\"wp-image-13055\" style=\"object-fit:cover\" srcset=\"https:\/\/visitsouthestonia.com\/community\/wp-content\/uploads\/2023\/06\/SetoKostipaiv-39-1200x1125.jpg 1200w, https:\/\/visitsouthestonia.com\/community\/wp-content\/uploads\/2023\/06\/SetoKostipaiv-39-768x720.jpg 768w, https:\/\/visitsouthestonia.com\/community\/wp-content\/uploads\/2023\/06\/SetoKostipaiv-39-1536x1440.jpg 1536w, https:\/\/visitsouthestonia.com\/community\/wp-content\/uploads\/2023\/06\/SetoKostipaiv-39-2048x1921.jpg 2048w, https:\/\/visitsouthestonia.com\/community\/wp-content\/uploads\/2023\/06\/SetoKostipaiv-39-350x328.jpg 350w, https:\/\/visitsouthestonia.com\/community\/wp-content\/uploads\/2023\/06\/SetoKostipaiv-39-853x800.jpg 853w, https:\/\/visitsouthestonia.com\/community\/wp-content\/uploads\/2023\/06\/SetoKostipaiv-39-230x216.jpg 230w, https:\/\/visitsouthestonia.com\/community\/wp-content\/uploads\/2023\/06\/SetoKostipaiv-39-75x70.jpg 75w, https:\/\/visitsouthestonia.com\/community\/wp-content\/uploads\/2023\/06\/SetoKostipaiv-39-188x176.jpg 188w, https:\/\/visitsouthestonia.com\/community\/wp-content\/uploads\/2023\/06\/SetoKostipaiv-39-58x54.jpg 58w, https:\/\/visitsouthestonia.com\/community\/wp-content\/uploads\/2023\/06\/SetoKostipaiv-39-370x347.jpg 370w\" sizes=\"(max-width: 1200px) 100vw, 1200px\" \/><figcaption class=\"wp-element-caption\">\u00dclle P\u00e4rnoja and Inara Luigas. Photo: Terje Atonen<\/figcaption><\/figure>\n<\/div>\n<\/div>\n<\/div><\/div>\n<\/div><\/div><\/div>\n\n\n\n<p class=\"wp-el\"><img decoding=\"async\" loading=\"lazy\" width=\"128\" height=\"128\" class=\"wp-image-12016\" style=\"width: 20px;\" src=\"https:\/\/visitsouthestonia.com\/community\/wp-content\/uploads\/2023\/05\/must-nool.png\" alt=\"\" srcset=\"https:\/\/visitsouthestonia.com\/community\/wp-content\/uploads\/2023\/05\/must-nool.png 128w, https:\/\/visitsouthestonia.com\/community\/wp-content\/uploads\/2023\/05\/must-nool-51x51.png 51w, https:\/\/visitsouthestonia.com\/community\/wp-content\/uploads\/2023\/05\/must-nool-70x70.png 70w, https:\/\/visitsouthestonia.com\/community\/wp-content\/uploads\/2023\/05\/must-nool-120x120.png 120w, https:\/\/visitsouthestonia.com\/community\/wp-content\/uploads\/2023\/05\/must-nool-100x100.png 100w, https:\/\/visitsouthestonia.com\/community\/wp-content\/uploads\/2023\/05\/must-nool-54x54.png 54w\" sizes=\"(max-width: 128px) 100vw, 128px\" \/> More information about <a href=\"https:\/\/visitsouthestonia.com\/community\/en\/tartu-2024\/\">the European Capital of Culture Tartu 2024 South Estonia Community Programme<\/a><\/p>\n<style class=\"advgb-styles-renderer\">#advgb-cols-637f635e-9a81-4d7b-b7b3-c8122f53eab6{}@media screen and (max-width: 1023px) {#advgb-cols-637f635e-9a81-4d7b-b7b3-c8122f53eab6{}}@media screen and (max-width: 767px) {#advgb-cols-637f635e-9a81-4d7b-b7b3-c8122f53eab6{}}#advgb-col-21dd42a9-a5e8-4e00-aab1-61ae59f68ef9>.advgb-column-inner{}@media screen and (max-width: 1023px) {#advgb-col-21dd42a9-a5e8-4e00-aab1-61ae59f68ef9>.advgb-column-inner{}}@media screen and (max-width: 767px) {#advgb-col-21dd42a9-a5e8-4e00-aab1-61ae59f68ef9>.advgb-column-inner{}}#advgb-col-3e3e7d74-e7ba-4652-86b6-d1027894dd9b>.advgb-column-inner{}@media screen and (max-width: 1023px) {#advgb-col-3e3e7d74-e7ba-4652-86b6-d1027894dd9b>.advgb-column-inner{}}@media screen and (max-width: 767px) {#advgb-col-3e3e7d74-e7ba-4652-86b6-d1027894dd9b>.advgb-column-inner{}}<\/style>","protected":false},"excerpt":{"rendered":"<p>&gt;&gt;&gt;EST Seto Kostip\u00e4iv delights visitors with its hospitality More information about the European Capital of Culture Tartu 2024 South Estonia&#8230;<\/p>\n","protected":false},"author":211,"featured_media":0,"parent":2321,"menu_order":0,"comment_status":"closed","ping_status":"closed","template":"","meta":{"advgb_blocks_editor_width":"","advgb_blocks_columns_visual_guide":"","footnotes":"","_links_to":"","_links_to_target":""},"acf":[],"yoast_head":"<!-- This site is optimized with the Yoast SEO plugin v21.4 - https:\/\/yoast.com\/wordpress\/plugins\/seo\/ -->\n<title>Pop-up caf\u00e9 days \u201cSeto Kostip\u00e4iv\u201c - visitsouthestonia<\/title>\n<meta name=\"robots\" content=\"index, follow, max-snippet:-1, max-image-preview:large, max-video-preview:-1\" \/>\n<link rel=\"canonical\" href=\"https:\/\/visitsouthestonia.com\/en\/tartu-2024\/pop-up-cafe-days-seto-kostipaiv\/\" \/>\n<meta property=\"og:locale\" content=\"en_US\" \/>\n<meta property=\"og:type\" content=\"article\" \/>\n<meta property=\"og:title\" content=\"Pop-up caf\u00e9 days \u201cSeto Kostip\u00e4iv\u201c - visitsouthestonia\" \/>\n<meta property=\"og:description\" content=\"&gt;&gt;&gt;EST Seto Kostip\u00e4iv delights visitors with its hospitality More information about the European Capital of Culture Tartu 2024 South Estonia...\" \/>\n<meta property=\"og:url\" content=\"https:\/\/visitsouthestonia.com\/en\/tartu-2024\/pop-up-cafe-days-seto-kostipaiv\/\" \/>\n<meta property=\"og:site_name\" content=\"visitsouthestonia\" \/>\n<meta property=\"article:modified_time\" content=\"2024-08-05T06:16:05+00:00\" \/>\n<meta property=\"og:image\" content=\"https:\/\/visitsouthestonia.com\/wp-content\/uploads\/2023\/09\/Add-a-heading5.png\" \/>\n<meta name=\"twitter:card\" content=\"summary_large_image\" \/>\n<meta name=\"twitter:label1\" content=\"Est. reading time\" \/>\n\t<meta name=\"twitter:data1\" content=\"3 minutes\" \/>\n<script type=\"application\/ld+json\" class=\"yoast-schema-graph\">{\"@context\":\"https:\/\/schema.org\",\"@graph\":[{\"@type\":\"WebPage\",\"@id\":\"https:\/\/visitsouthestonia.com\/en\/tartu-2024\/pop-up-cafe-days-seto-kostipaiv\/\",\"url\":\"https:\/\/visitsouthestonia.com\/en\/tartu-2024\/pop-up-cafe-days-seto-kostipaiv\/\",\"name\":\"Pop-up caf\u00e9 days \u201cSeto Kostip\u00e4iv\u201c - visitsouthestonia\",\"isPartOf\":{\"@id\":\"https:\/\/visitsouthestonia.com\/community\/#website\"},\"datePublished\":\"2023-09-08T05:56:42+00:00\",\"dateModified\":\"2024-08-05T06:16:05+00:00\",\"breadcrumb\":{\"@id\":\"https:\/\/visitsouthestonia.com\/en\/tartu-2024\/pop-up-cafe-days-seto-kostipaiv\/#breadcrumb\"},\"inLanguage\":\"en-US\",\"potentialAction\":[{\"@type\":\"ReadAction\",\"target\":[\"https:\/\/visitsouthestonia.com\/en\/tartu-2024\/pop-up-cafe-days-seto-kostipaiv\/\"]}]},{\"@type\":\"BreadcrumbList\",\"@id\":\"https:\/\/visitsouthestonia.com\/en\/tartu-2024\/pop-up-cafe-days-seto-kostipaiv\/#breadcrumb\",\"itemListElement\":[{\"@type\":\"ListItem\",\"position\":1,\"name\":\"Tartu 2024\",\"item\":\"https:\/\/visitsouthestonia.com\/en\/tartu-2024\/\"},{\"@type\":\"ListItem\",\"position\":2,\"name\":\"Pop-up caf\u00e9 days \u201cSeto Kostip\u00e4iv\u201c\"}]},{\"@type\":\"WebSite\",\"@id\":\"https:\/\/visitsouthestonia.com\/community\/#website\",\"url\":\"https:\/\/visitsouthestonia.com\/community\/\",\"name\":\"visitsouthestonia\",\"description\":\"Parim puhkus veeda L\u00f5una-Eestis!\",\"potentialAction\":[{\"@type\":\"SearchAction\",\"target\":{\"@type\":\"EntryPoint\",\"urlTemplate\":\"https:\/\/visitsouthestonia.com\/community\/?s={search_term_string}\"},\"query-input\":\"required name=search_term_string\"}],\"inLanguage\":\"en-US\"}]}<\/script>\n<!-- \/ Yoast SEO plugin. -->","yoast_head_json":{"title":"Pop-up caf\u00e9 days \u201cSeto Kostip\u00e4iv\u201c - visitsouthestonia","robots":{"index":"index","follow":"follow","max-snippet":"max-snippet:-1","max-image-preview":"max-image-preview:large","max-video-preview":"max-video-preview:-1"},"canonical":"https:\/\/visitsouthestonia.com\/en\/tartu-2024\/pop-up-cafe-days-seto-kostipaiv\/","og_locale":"en_US","og_type":"article","og_title":"Pop-up caf\u00e9 days \u201cSeto Kostip\u00e4iv\u201c - visitsouthestonia","og_description":"&gt;&gt;&gt;EST Seto Kostip\u00e4iv delights visitors with its hospitality More information about the European Capital of Culture Tartu 2024 South Estonia...","og_url":"https:\/\/visitsouthestonia.com\/en\/tartu-2024\/pop-up-cafe-days-seto-kostipaiv\/","og_site_name":"visitsouthestonia","article_modified_time":"2024-08-05T06:16:05+00:00","og_image":[{"url":"https:\/\/visitsouthestonia.com\/wp-content\/uploads\/2023\/09\/Add-a-heading5.png"}],"twitter_card":"summary_large_image","twitter_misc":{"Est. reading time":"3 minutes"},"schema":{"@context":"https:\/\/schema.org","@graph":[{"@type":"WebPage","@id":"https:\/\/visitsouthestonia.com\/en\/tartu-2024\/pop-up-cafe-days-seto-kostipaiv\/","url":"https:\/\/visitsouthestonia.com\/en\/tartu-2024\/pop-up-cafe-days-seto-kostipaiv\/","name":"Pop-up caf\u00e9 days \u201cSeto Kostip\u00e4iv\u201c - visitsouthestonia","isPartOf":{"@id":"https:\/\/visitsouthestonia.com\/community\/#website"},"datePublished":"2023-09-08T05:56:42+00:00","dateModified":"2024-08-05T06:16:05+00:00","breadcrumb":{"@id":"https:\/\/visitsouthestonia.com\/en\/tartu-2024\/pop-up-cafe-days-seto-kostipaiv\/#breadcrumb"},"inLanguage":"en-US","potentialAction":[{"@type":"ReadAction","target":["https:\/\/visitsouthestonia.com\/en\/tartu-2024\/pop-up-cafe-days-seto-kostipaiv\/"]}]},{"@type":"BreadcrumbList","@id":"https:\/\/visitsouthestonia.com\/en\/tartu-2024\/pop-up-cafe-days-seto-kostipaiv\/#breadcrumb","itemListElement":[{"@type":"ListItem","position":1,"name":"Tartu 2024","item":"https:\/\/visitsouthestonia.com\/en\/tartu-2024\/"},{"@type":"ListItem","position":2,"name":"Pop-up caf\u00e9 days \u201cSeto Kostip\u00e4iv\u201c"}]},{"@type":"WebSite","@id":"https:\/\/visitsouthestonia.com\/community\/#website","url":"https:\/\/visitsouthestonia.com\/community\/","name":"visitsouthestonia","description":"Parim puhkus veeda L\u00f5una-Eestis!","potentialAction":[{"@type":"SearchAction","target":{"@type":"EntryPoint","urlTemplate":"https:\/\/visitsouthestonia.com\/community\/?s={search_term_string}"},"query-input":"required name=search_term_string"}],"inLanguage":"en-US"}]}},"coauthors":[],"author_meta":{"author_link":"https:\/\/visitsouthestonia.com\/community\/en\/author\/kaisa-timmi\/","display_name":"Meeri"},"relative_dates":{"created":"Posted 3 years ago","modified":"Updated 2 years ago"},"absolute_dates":{"created":"Posted on 8. Sep 2023","modified":"Updated on 5. Aug 2024"},"absolute_dates_time":{"created":"Posted on 8. Sep 2023 08:56","modified":"Updated on 5. Aug 2024 09:16"},"featured_img_caption":"","featured_img":false,"series_order":"","_links":{"self":[{"href":"https:\/\/visitsouthestonia.com\/community\/en\/wp-json\/wp\/v2\/pages\/14315"}],"collection":[{"href":"https:\/\/visitsouthestonia.com\/community\/en\/wp-json\/wp\/v2\/pages"}],"about":[{"href":"https:\/\/visitsouthestonia.com\/community\/en\/wp-json\/wp\/v2\/types\/page"}],"author":[{"embeddable":true,"href":"https:\/\/visitsouthestonia.com\/community\/en\/wp-json\/wp\/v2\/users\/211"}],"replies":[{"embeddable":true,"href":"https:\/\/visitsouthestonia.com\/community\/en\/wp-json\/wp\/v2\/comments?post=14315"}],"version-history":[{"count":7,"href":"https:\/\/visitsouthestonia.com\/community\/en\/wp-json\/wp\/v2\/pages\/14315\/revisions"}],"predecessor-version":[{"id":20915,"href":"https:\/\/visitsouthestonia.com\/community\/en\/wp-json\/wp\/v2\/pages\/14315\/revisions\/20915"}],"up":[{"embeddable":true,"href":"https:\/\/visitsouthestonia.com\/community\/en\/wp-json\/wp\/v2\/pages\/2321"}],"wp:attachment":[{"href":"https:\/\/visitsouthestonia.com\/community\/en\/wp-json\/wp\/v2\/media?parent=14315"}],"curies":[{"name":"wp","href":"https:\/\/api.w.org\/{rel}","templated":true}]}}