{"id":14303,"date":"2023-09-07T21:55:09","date_gmt":"2023-09-07T18:55:09","guid":{"rendered":"https:\/\/visitsouthestonia.com\/community\/?page_id=14303"},"modified":"2024-07-30T12:19:26","modified_gmt":"2024-07-30T09:19:26","slug":"otepaa-hiking-series","status":"publish","type":"page","link":"https:\/\/visitsouthestonia.com\/community\/en\/tartu-2024\/otepaa-hiking-series\/","title":{"rendered":"Otep\u00e4\u00e4 hiking series"},"content":{"rendered":"\n<p class=\"has-text-align-right wp-el\"><a href=\"https:\/\/visitsouthestonia.com\/community\/tartu-2024\/maaliliste-maastike-vaartustamise-ja-jaadvustamise-matkasari-otepaal\/\">&gt;&gt;&gt;EST<\/a><\/p>\n\n\n\n<figure class=\"wp-block-image size-full\"><img decoding=\"async\" loading=\"lazy\" width=\"1200\" height=\"120\" src=\"https:\/\/visitsouthestonia.com\/community\/wp-content\/uploads\/2023\/09\/Add-a-heading6.png\" alt=\"\" class=\"wp-image-14357\" srcset=\"https:\/\/visitsouthestonia.com\/community\/wp-content\/uploads\/2023\/09\/Add-a-heading6.png 1200w, https:\/\/visitsouthestonia.com\/community\/wp-content\/uploads\/2023\/09\/Add-a-heading6-768x77.png 768w, https:\/\/visitsouthestonia.com\/community\/wp-content\/uploads\/2023\/09\/Add-a-heading6-350x35.png 350w, https:\/\/visitsouthestonia.com\/community\/wp-content\/uploads\/2023\/09\/Add-a-heading6-1100x110.png 1100w, https:\/\/visitsouthestonia.com\/community\/wp-content\/uploads\/2023\/09\/Add-a-heading6-230x23.png 230w, https:\/\/visitsouthestonia.com\/community\/wp-content\/uploads\/2023\/09\/Add-a-heading6-210x21.png 210w, https:\/\/visitsouthestonia.com\/community\/wp-content\/uploads\/2023\/09\/Add-a-heading6-188x19.png 188w, https:\/\/visitsouthestonia.com\/community\/wp-content\/uploads\/2023\/09\/Add-a-heading6-370x37.png 370w\" sizes=\"(max-width: 1200px) 100vw, 1200px\" \/><\/figure>\n\n\n\n<h1 class=\"wp-block-heading wp-el\"><strong><strong><strong><strong><strong>The Otep\u00e4\u00e4 hiking series reveals stunning landscapes through film and art <\/strong><\/strong><\/strong><\/strong><\/strong><\/h1>\n\n\n\n<div class=\"wp-block-advgb-columns advgb-columns-wrapper\" id=\"advgb-cols-1bb96c9d-cabf-4ad5-8715-a7b7d4e5474c\"><div class=\"advgb-columns-container\"><div class=\"advgb-columns advgb-columns-row advgb-is-mobile advgb-columns-2 layout-12-12 mbl-layout-stacked vgutter-10\">\n<div class=\"wp-block-advgb-column advgb-column advgb-is-half-tablet advgb-is-full-mobile\" id=\"advgb-col-21aa9f73-0f58-4d2c-b91b-d63f81793c85\"><div class=\"advgb-column-inner\" style=\"border-style:none;border-width:1px\">\n<p class=\"wp-el\">Would you like to see where and how that charming landscape painting  or a publicly acclaimed film originated? Then come to Otep\u00e4\u00e4, where you can embark on two creative hikes throughout summer and autumn 2024: a hike through film landscapes and painting landscapes.<\/p>\n\n\n\n<p class=\"wp-el\">The hikes are inspired by the great artistic beauty of Otep\u00e4\u00e4\u2019s landscapes and take you to places where notable works of art in various genres have been conceived. By listening to fascinating stories about the artists who once trotted the very same paths, and about their art, you can let your own creativity loose and create some artwork under the guidance of an instructor. The hiking series through picturesque landscapes is organised by NGO Otep\u00e4\u00e4 K\u00fclade \u00dchendus.<\/p>\n\n\n\n<p class=\"wp-el\"><strong>Timeline of the hikes<\/strong>:<\/p>\n\n\n\n<ul class=\"wp-el\">\n<li>Film trip &#8211; July 3, 2024 <\/li>\n\n\n\n<li>Painting tour &#8211; August 4, 5 and 7, 2024<\/li>\n<\/ul>\n<\/div><\/div>\n\n\n\n<div class=\"wp-block-advgb-column advgb-column advgb-is-half-tablet advgb-is-full-mobile\" id=\"advgb-col-d099351a-0f0c-464d-91b1-242b62fa8ea1\"><div class=\"advgb-column-inner\" style=\"border-style:none;border-width:1px\">\n<p class=\"wp-el\"><img decoding=\"async\" loading=\"lazy\" width=\"128\" height=\"128\" class=\"wp-image-12010\" style=\"width: 20px;\" src=\"https:\/\/visitsouthestonia.com\/community\/wp-content\/uploads\/2023\/05\/erkroheline-nool.png\" alt=\"\" srcset=\"https:\/\/visitsouthestonia.com\/community\/wp-content\/uploads\/2023\/05\/erkroheline-nool.png 128w, https:\/\/visitsouthestonia.com\/community\/wp-content\/uploads\/2023\/05\/erkroheline-nool-51x51.png 51w, https:\/\/visitsouthestonia.com\/community\/wp-content\/uploads\/2023\/05\/erkroheline-nool-70x70.png 70w, https:\/\/visitsouthestonia.com\/community\/wp-content\/uploads\/2023\/05\/erkroheline-nool-120x120.png 120w, https:\/\/visitsouthestonia.com\/community\/wp-content\/uploads\/2023\/05\/erkroheline-nool-100x100.png 100w, https:\/\/visitsouthestonia.com\/community\/wp-content\/uploads\/2023\/05\/erkroheline-nool-54x54.png 54w\" sizes=\"(max-width: 128px) 100vw, 128px\" \/> Date:  <strong><strong>July and August 2024<\/strong><\/strong><\/p>\n\n\n\n<p class=\"wp-el\"><img decoding=\"async\" loading=\"lazy\" width=\"128\" height=\"128\" class=\"wp-image-12010\" style=\"width: 20px;\" src=\"https:\/\/visitsouthestonia.com\/community\/wp-content\/uploads\/2023\/05\/erkroheline-nool.png\" alt=\"\" srcset=\"https:\/\/visitsouthestonia.com\/community\/wp-content\/uploads\/2023\/05\/erkroheline-nool.png 128w, https:\/\/visitsouthestonia.com\/community\/wp-content\/uploads\/2023\/05\/erkroheline-nool-51x51.png 51w, https:\/\/visitsouthestonia.com\/community\/wp-content\/uploads\/2023\/05\/erkroheline-nool-70x70.png 70w, https:\/\/visitsouthestonia.com\/community\/wp-content\/uploads\/2023\/05\/erkroheline-nool-120x120.png 120w, https:\/\/visitsouthestonia.com\/community\/wp-content\/uploads\/2023\/05\/erkroheline-nool-100x100.png 100w, https:\/\/visitsouthestonia.com\/community\/wp-content\/uploads\/2023\/05\/erkroheline-nool-54x54.png 54w\" sizes=\"(max-width: 128px) 100vw, 128px\" \/> Location: Otep\u00e4\u00e4, Valga county<\/p>\n\n\n\n<p class=\"wp-el\"><img decoding=\"async\" loading=\"lazy\" width=\"128\" height=\"128\" class=\"wp-image-12010\" style=\"width: 20px;\" src=\"https:\/\/visitsouthestonia.com\/community\/wp-content\/uploads\/2023\/05\/erkroheline-nool.png\" alt=\"\" srcset=\"https:\/\/visitsouthestonia.com\/community\/wp-content\/uploads\/2023\/05\/erkroheline-nool.png 128w, https:\/\/visitsouthestonia.com\/community\/wp-content\/uploads\/2023\/05\/erkroheline-nool-51x51.png 51w, https:\/\/visitsouthestonia.com\/community\/wp-content\/uploads\/2023\/05\/erkroheline-nool-70x70.png 70w, https:\/\/visitsouthestonia.com\/community\/wp-content\/uploads\/2023\/05\/erkroheline-nool-120x120.png 120w, https:\/\/visitsouthestonia.com\/community\/wp-content\/uploads\/2023\/05\/erkroheline-nool-100x100.png 100w, https:\/\/visitsouthestonia.com\/community\/wp-content\/uploads\/2023\/05\/erkroheline-nool-54x54.png 54w\" sizes=\"(max-width: 128px) 100vw, 128px\" \/> More information: <a href=\"https:\/\/matkad.oky.ee\/\">matkad.oky.ee<\/a><\/p>\n\n\n\n<p class=\"wp-el\"><img decoding=\"async\" loading=\"lazy\" width=\"128\" height=\"128\" class=\"wp-image-12010\" style=\"width: 20px;\" src=\"https:\/\/visitsouthestonia.com\/community\/wp-content\/uploads\/2023\/05\/erkroheline-nool.png\" alt=\"\" srcset=\"https:\/\/visitsouthestonia.com\/community\/wp-content\/uploads\/2023\/05\/erkroheline-nool.png 128w, https:\/\/visitsouthestonia.com\/community\/wp-content\/uploads\/2023\/05\/erkroheline-nool-51x51.png 51w, https:\/\/visitsouthestonia.com\/community\/wp-content\/uploads\/2023\/05\/erkroheline-nool-70x70.png 70w, https:\/\/visitsouthestonia.com\/community\/wp-content\/uploads\/2023\/05\/erkroheline-nool-120x120.png 120w, https:\/\/visitsouthestonia.com\/community\/wp-content\/uploads\/2023\/05\/erkroheline-nool-100x100.png 100w, https:\/\/visitsouthestonia.com\/community\/wp-content\/uploads\/2023\/05\/erkroheline-nool-54x54.png 54w\" sizes=\"(max-width: 128px) 100vw, 128px\" \/> Contact: Triin Nurmsalu, triinurmsalu@gmail.com, <br>+372 5348 4495<\/p>\n\n\n\n<div class=\"wp-block-columns is-layout-flex wp-container-2 wp-block-columns-is-layout-flex\">\n<div class=\"wp-block-column is-layout-flow wp-block-column-is-layout-flow\" style=\"flex-basis:100%\">\n<figure class=\"wp-block-image size-large\"><img decoding=\"async\" loading=\"lazy\" width=\"1200\" height=\"801\" src=\"https:\/\/visitsouthestonia.com\/community\/wp-content\/uploads\/2023\/06\/Otepaa-17-copy-1200x801.jpg\" alt=\"\" class=\"wp-image-13141\" srcset=\"https:\/\/visitsouthestonia.com\/community\/wp-content\/uploads\/2023\/06\/Otepaa-17-copy-1200x801.jpg 1200w, https:\/\/visitsouthestonia.com\/community\/wp-content\/uploads\/2023\/06\/Otepaa-17-copy-768x513.jpg 768w, https:\/\/visitsouthestonia.com\/community\/wp-content\/uploads\/2023\/06\/Otepaa-17-copy-1536x1025.jpg 1536w, https:\/\/visitsouthestonia.com\/community\/wp-content\/uploads\/2023\/06\/Otepaa-17-copy-2048x1367.jpg 2048w, https:\/\/visitsouthestonia.com\/community\/wp-content\/uploads\/2023\/06\/Otepaa-17-copy-350x234.jpg 350w, https:\/\/visitsouthestonia.com\/community\/wp-content\/uploads\/2023\/06\/Otepaa-17-copy-1100x734.jpg 1100w, https:\/\/visitsouthestonia.com\/community\/wp-content\/uploads\/2023\/06\/Otepaa-17-copy-230x154.jpg 230w, https:\/\/visitsouthestonia.com\/community\/wp-content\/uploads\/2023\/06\/Otepaa-17-copy-105x70.jpg 105w, https:\/\/visitsouthestonia.com\/community\/wp-content\/uploads\/2023\/06\/Otepaa-17-copy-188x125.jpg 188w, https:\/\/visitsouthestonia.com\/community\/wp-content\/uploads\/2023\/06\/Otepaa-17-copy-81x54.jpg 81w, https:\/\/visitsouthestonia.com\/community\/wp-content\/uploads\/2023\/06\/Otepaa-17-copy-370x247.jpg 370w\" sizes=\"(max-width: 1200px) 100vw, 1200px\" \/><figcaption class=\"wp-element-caption\">Triin Nurmsalu and Ago Arro. Photo: Terje Atonen<\/figcaption><\/figure>\n<\/div>\n<\/div>\n<\/div><\/div>\n<\/div><\/div><\/div>\n\n\n\n<p class=\"wp-el\"><img decoding=\"async\" loading=\"lazy\" width=\"128\" height=\"128\" class=\"wp-image-12016\" style=\"width: 20px;\" src=\"https:\/\/visitsouthestonia.com\/community\/wp-content\/uploads\/2023\/05\/must-nool.png\" alt=\"\" srcset=\"https:\/\/visitsouthestonia.com\/community\/wp-content\/uploads\/2023\/05\/must-nool.png 128w, https:\/\/visitsouthestonia.com\/community\/wp-content\/uploads\/2023\/05\/must-nool-51x51.png 51w, https:\/\/visitsouthestonia.com\/community\/wp-content\/uploads\/2023\/05\/must-nool-70x70.png 70w, https:\/\/visitsouthestonia.com\/community\/wp-content\/uploads\/2023\/05\/must-nool-120x120.png 120w, https:\/\/visitsouthestonia.com\/community\/wp-content\/uploads\/2023\/05\/must-nool-100x100.png 100w, https:\/\/visitsouthestonia.com\/community\/wp-content\/uploads\/2023\/05\/must-nool-54x54.png 54w\" sizes=\"(max-width: 128px) 100vw, 128px\" \/> More information about <a href=\"https:\/\/visitsouthestonia.com\/community\/en\/tartu-2024\/\">the European Capital of Culture Tartu 2024 South Estonia Community Programme<\/a><\/p>\n<style class=\"advgb-styles-renderer\">#advgb-cols-1bb96c9d-cabf-4ad5-8715-a7b7d4e5474c{}@media screen and (max-width: 1023px) {#advgb-cols-1bb96c9d-cabf-4ad5-8715-a7b7d4e5474c{}}@media screen and (max-width: 767px) {#advgb-cols-1bb96c9d-cabf-4ad5-8715-a7b7d4e5474c{}}#advgb-col-21aa9f73-0f58-4d2c-b91b-d63f81793c85>.advgb-column-inner{}@media screen and (max-width: 1023px) {#advgb-col-21aa9f73-0f58-4d2c-b91b-d63f81793c85>.advgb-column-inner{}}@media screen and (max-width: 767px) {#advgb-col-21aa9f73-0f58-4d2c-b91b-d63f81793c85>.advgb-column-inner{}}#advgb-col-d099351a-0f0c-464d-91b1-242b62fa8ea1>.advgb-column-inner{}@media screen and (max-width: 1023px) {#advgb-col-d099351a-0f0c-464d-91b1-242b62fa8ea1>.advgb-column-inner{}}@media screen and (max-width: 767px) {#advgb-col-d099351a-0f0c-464d-91b1-242b62fa8ea1>.advgb-column-inner{}}<\/style>","protected":false},"excerpt":{"rendered":"<p>&gt;&gt;&gt;EST The Otep\u00e4\u00e4 hiking series reveals stunning landscapes through film and art More information about the European Capital of Culture&#8230;<\/p>\n","protected":false},"author":211,"featured_media":0,"parent":2321,"menu_order":0,"comment_status":"closed","ping_status":"closed","template":"","meta":{"advgb_blocks_editor_width":"","advgb_blocks_columns_visual_guide":"","footnotes":"","_links_to":"","_links_to_target":""},"acf":[],"yoast_head":"<!-- This site is optimized with the Yoast SEO plugin v21.4 - https:\/\/yoast.com\/wordpress\/plugins\/seo\/ -->\n<title>Otep\u00e4\u00e4 hiking series - visitsouthestonia<\/title>\n<meta name=\"robots\" content=\"index, follow, max-snippet:-1, max-image-preview:large, max-video-preview:-1\" \/>\n<link rel=\"canonical\" href=\"https:\/\/visitsouthestonia.com\/en\/tartu-2024\/otepaa-hiking-series\/\" \/>\n<meta property=\"og:locale\" content=\"en_US\" \/>\n<meta property=\"og:type\" content=\"article\" \/>\n<meta property=\"og:title\" content=\"Otep\u00e4\u00e4 hiking series - visitsouthestonia\" \/>\n<meta property=\"og:description\" content=\"&gt;&gt;&gt;EST The Otep\u00e4\u00e4 hiking series reveals stunning landscapes through film and art More information about the European Capital of Culture...\" \/>\n<meta property=\"og:url\" content=\"https:\/\/visitsouthestonia.com\/en\/tartu-2024\/otepaa-hiking-series\/\" \/>\n<meta property=\"og:site_name\" content=\"visitsouthestonia\" \/>\n<meta property=\"article:modified_time\" content=\"2024-07-30T09:19:26+00:00\" \/>\n<meta property=\"og:image\" content=\"https:\/\/visitsouthestonia.com\/wp-content\/uploads\/2023\/09\/Add-a-heading6.png\" \/>\n<meta name=\"twitter:card\" content=\"summary_large_image\" \/>\n<meta name=\"twitter:label1\" content=\"Est. reading time\" \/>\n\t<meta name=\"twitter:data1\" content=\"3 minutes\" \/>\n<script type=\"application\/ld+json\" class=\"yoast-schema-graph\">{\"@context\":\"https:\/\/schema.org\",\"@graph\":[{\"@type\":\"WebPage\",\"@id\":\"https:\/\/visitsouthestonia.com\/en\/tartu-2024\/otepaa-hiking-series\/\",\"url\":\"https:\/\/visitsouthestonia.com\/en\/tartu-2024\/otepaa-hiking-series\/\",\"name\":\"Otep\u00e4\u00e4 hiking series - visitsouthestonia\",\"isPartOf\":{\"@id\":\"https:\/\/visitsouthestonia.com\/community\/#website\"},\"datePublished\":\"2023-09-07T18:55:09+00:00\",\"dateModified\":\"2024-07-30T09:19:26+00:00\",\"breadcrumb\":{\"@id\":\"https:\/\/visitsouthestonia.com\/en\/tartu-2024\/otepaa-hiking-series\/#breadcrumb\"},\"inLanguage\":\"en-US\",\"potentialAction\":[{\"@type\":\"ReadAction\",\"target\":[\"https:\/\/visitsouthestonia.com\/en\/tartu-2024\/otepaa-hiking-series\/\"]}]},{\"@type\":\"BreadcrumbList\",\"@id\":\"https:\/\/visitsouthestonia.com\/en\/tartu-2024\/otepaa-hiking-series\/#breadcrumb\",\"itemListElement\":[{\"@type\":\"ListItem\",\"position\":1,\"name\":\"Tartu 2024\",\"item\":\"https:\/\/visitsouthestonia.com\/en\/tartu-2024\/\"},{\"@type\":\"ListItem\",\"position\":2,\"name\":\"Otep\u00e4\u00e4 hiking series\"}]},{\"@type\":\"WebSite\",\"@id\":\"https:\/\/visitsouthestonia.com\/community\/#website\",\"url\":\"https:\/\/visitsouthestonia.com\/community\/\",\"name\":\"visitsouthestonia\",\"description\":\"Parim puhkus veeda L\u00f5una-Eestis!\",\"potentialAction\":[{\"@type\":\"SearchAction\",\"target\":{\"@type\":\"EntryPoint\",\"urlTemplate\":\"https:\/\/visitsouthestonia.com\/community\/?s={search_term_string}\"},\"query-input\":\"required name=search_term_string\"}],\"inLanguage\":\"en-US\"}]}<\/script>\n<!-- \/ Yoast SEO plugin. -->","yoast_head_json":{"title":"Otep\u00e4\u00e4 hiking series - visitsouthestonia","robots":{"index":"index","follow":"follow","max-snippet":"max-snippet:-1","max-image-preview":"max-image-preview:large","max-video-preview":"max-video-preview:-1"},"canonical":"https:\/\/visitsouthestonia.com\/en\/tartu-2024\/otepaa-hiking-series\/","og_locale":"en_US","og_type":"article","og_title":"Otep\u00e4\u00e4 hiking series - visitsouthestonia","og_description":"&gt;&gt;&gt;EST The Otep\u00e4\u00e4 hiking series reveals stunning landscapes through film and art More information about the European Capital of Culture...","og_url":"https:\/\/visitsouthestonia.com\/en\/tartu-2024\/otepaa-hiking-series\/","og_site_name":"visitsouthestonia","article_modified_time":"2024-07-30T09:19:26+00:00","og_image":[{"url":"https:\/\/visitsouthestonia.com\/wp-content\/uploads\/2023\/09\/Add-a-heading6.png"}],"twitter_card":"summary_large_image","twitter_misc":{"Est. reading time":"3 minutes"},"schema":{"@context":"https:\/\/schema.org","@graph":[{"@type":"WebPage","@id":"https:\/\/visitsouthestonia.com\/en\/tartu-2024\/otepaa-hiking-series\/","url":"https:\/\/visitsouthestonia.com\/en\/tartu-2024\/otepaa-hiking-series\/","name":"Otep\u00e4\u00e4 hiking series - visitsouthestonia","isPartOf":{"@id":"https:\/\/visitsouthestonia.com\/community\/#website"},"datePublished":"2023-09-07T18:55:09+00:00","dateModified":"2024-07-30T09:19:26+00:00","breadcrumb":{"@id":"https:\/\/visitsouthestonia.com\/en\/tartu-2024\/otepaa-hiking-series\/#breadcrumb"},"inLanguage":"en-US","potentialAction":[{"@type":"ReadAction","target":["https:\/\/visitsouthestonia.com\/en\/tartu-2024\/otepaa-hiking-series\/"]}]},{"@type":"BreadcrumbList","@id":"https:\/\/visitsouthestonia.com\/en\/tartu-2024\/otepaa-hiking-series\/#breadcrumb","itemListElement":[{"@type":"ListItem","position":1,"name":"Tartu 2024","item":"https:\/\/visitsouthestonia.com\/en\/tartu-2024\/"},{"@type":"ListItem","position":2,"name":"Otep\u00e4\u00e4 hiking series"}]},{"@type":"WebSite","@id":"https:\/\/visitsouthestonia.com\/community\/#website","url":"https:\/\/visitsouthestonia.com\/community\/","name":"visitsouthestonia","description":"Parim puhkus veeda L\u00f5una-Eestis!","potentialAction":[{"@type":"SearchAction","target":{"@type":"EntryPoint","urlTemplate":"https:\/\/visitsouthestonia.com\/community\/?s={search_term_string}"},"query-input":"required name=search_term_string"}],"inLanguage":"en-US"}]}},"coauthors":[],"author_meta":{"author_link":"https:\/\/visitsouthestonia.com\/community\/en\/author\/kaisa-timmi\/","display_name":"Meeri"},"relative_dates":{"created":"Posted 3 years ago","modified":"Updated 2 years ago"},"absolute_dates":{"created":"Posted on 7. Sep 2023","modified":"Updated on 30. Jul 2024"},"absolute_dates_time":{"created":"Posted on 7. Sep 2023 09:55","modified":"Updated on 30. Jul 2024 12:19"},"featured_img_caption":"","featured_img":false,"series_order":"","_links":{"self":[{"href":"https:\/\/visitsouthestonia.com\/community\/en\/wp-json\/wp\/v2\/pages\/14303"}],"collection":[{"href":"https:\/\/visitsouthestonia.com\/community\/en\/wp-json\/wp\/v2\/pages"}],"about":[{"href":"https:\/\/visitsouthestonia.com\/community\/en\/wp-json\/wp\/v2\/types\/page"}],"author":[{"embeddable":true,"href":"https:\/\/visitsouthestonia.com\/community\/en\/wp-json\/wp\/v2\/users\/211"}],"replies":[{"embeddable":true,"href":"https:\/\/visitsouthestonia.com\/community\/en\/wp-json\/wp\/v2\/comments?post=14303"}],"version-history":[{"count":16,"href":"https:\/\/visitsouthestonia.com\/community\/en\/wp-json\/wp\/v2\/pages\/14303\/revisions"}],"predecessor-version":[{"id":20909,"href":"https:\/\/visitsouthestonia.com\/community\/en\/wp-json\/wp\/v2\/pages\/14303\/revisions\/20909"}],"up":[{"embeddable":true,"href":"https:\/\/visitsouthestonia.com\/community\/en\/wp-json\/wp\/v2\/pages\/2321"}],"wp:attachment":[{"href":"https:\/\/visitsouthestonia.com\/community\/en\/wp-json\/wp\/v2\/media?parent=14303"}],"curies":[{"name":"wp","href":"https:\/\/api.w.org\/{rel}","templated":true}]}}