{"id":14293,"date":"2023-09-07T21:22:24","date_gmt":"2023-09-07T18:22:24","guid":{"rendered":"https:\/\/visitsouthestonia.com\/community\/?page_id=14293"},"modified":"2024-07-28T10:46:41","modified_gmt":"2024-07-28T07:46:41","slug":"summer-performance-of-the-gold-miner-of-leevaku","status":"publish","type":"page","link":"https:\/\/visitsouthestonia.com\/community\/en\/tartu-2024\/summer-performance-of-the-gold-miner-of-leevaku\/","title":{"rendered":"Summer performance of The Gold Miner of Leevaku"},"content":{"rendered":"\n<p class=\"has-text-align-right wp-el\"><a href=\"https:\/\/visitsouthestonia.com\/community\/tartu-2024\/kogukonnaetendus-leevaku-kullakaevur\/\">&gt;&gt;&gt;EST<\/a><\/p>\n\n\n\n<figure class=\"wp-block-image size-full\"><img decoding=\"async\" loading=\"lazy\" width=\"1200\" height=\"120\" src=\"https:\/\/visitsouthestonia.com\/community\/wp-content\/uploads\/2023\/09\/Add-a-heading5.png\" alt=\"\" class=\"wp-image-14349\" srcset=\"https:\/\/visitsouthestonia.com\/community\/wp-content\/uploads\/2023\/09\/Add-a-heading5.png 1200w, https:\/\/visitsouthestonia.com\/community\/wp-content\/uploads\/2023\/09\/Add-a-heading5-768x77.png 768w, https:\/\/visitsouthestonia.com\/community\/wp-content\/uploads\/2023\/09\/Add-a-heading5-350x35.png 350w, https:\/\/visitsouthestonia.com\/community\/wp-content\/uploads\/2023\/09\/Add-a-heading5-1100x110.png 1100w, https:\/\/visitsouthestonia.com\/community\/wp-content\/uploads\/2023\/09\/Add-a-heading5-230x23.png 230w, https:\/\/visitsouthestonia.com\/community\/wp-content\/uploads\/2023\/09\/Add-a-heading5-210x21.png 210w, https:\/\/visitsouthestonia.com\/community\/wp-content\/uploads\/2023\/09\/Add-a-heading5-188x19.png 188w, https:\/\/visitsouthestonia.com\/community\/wp-content\/uploads\/2023\/09\/Add-a-heading5-370x37.png 370w\" sizes=\"(max-width: 1200px) 100vw, 1200px\" \/><\/figure>\n\n\n\n<h1 class=\"wp-block-heading wp-el\"><strong><strong><strong><strong><strong><strong><strong>The <em>Gold Miner of Leevaku<\/em> community performance enthrals in its extravagance<\/strong><\/strong><\/strong><\/strong><\/strong><\/strong><\/strong><\/h1>\n\n\n\n<div class=\"wp-block-advgb-columns advgb-columns-wrapper\" id=\"advgb-cols-66ae1dbf-c099-4aee-b043-fecbddb573c6\"><div class=\"advgb-columns-container\"><div class=\"advgb-columns advgb-columns-row advgb-is-mobile advgb-columns-2 layout-12-12 mbl-layout-stacked vgutter-10\">\n<div class=\"wp-block-advgb-column advgb-column advgb-is-half-tablet advgb-is-full-mobile\" id=\"advgb-col-1a92e829-40fb-42db-b3c6-72faab22d374\"><div class=\"advgb-column-inner\" style=\"border-style:none;border-width:1px\">\n<p class=\"wp-el\">Where can you find the tallest sauna chimney in Europe, towering at 50 metres? You\u2019ll find out by coming to see the summer performance of <em>The Gold Miner of Leevaku<\/em>. This is the story of outrageous ideas, intergenerational relationships, successes and failures that were experienced exactly a century ago here, in Leevaku. <\/p>\n\n\n\n<p class=\"wp-el\">The story revolves around local visionary Artur Reinom\u00e4gi and his decision to build a colossal brick factory in Leevaku \u2013 the event that marks its 100<sup>th<\/sup> anniversary this year. In the community performance, directed by Marko M\u00e4esaar, professional actors Viire Valdma, Tiina M\u00e4lberg and Ken R\u00fc\u00fctel are joined by local amateurs. <\/p>\n\n\n\n<p class=\"wp-el\">A total of 8 summer performances are delivered throughout July and August, providing an interesting peek into local history, culture, language and environment. Stunning nature and local food, the R\u00e4pina Youth Wind Orchestra and the many singers and musicians add to the experience. The community performance is organised by NGO Leevakk.<\/p>\n\n\n\n<p class=\"wp-el\">On the evening of two days (<strong>1.08 and 3.08 2024<\/strong>), the performance will be followed by the concert <strong>&#8220;Gold Miners&#8217;s songs evening&#8221;<\/strong>, where a brass band, musicians and actors will perform.<\/p>\n\n\n\n<p class=\"wp-el\"><\/p>\n\n\n\n<p class=\"wp-el\"><\/p>\n<\/div><\/div>\n\n\n\n<div class=\"wp-block-advgb-column advgb-column advgb-is-half-tablet advgb-is-full-mobile\" id=\"advgb-col-6d6f902f-a6d5-4f81-95aa-eb3454b6d47a\"><div class=\"advgb-column-inner\" style=\"border-style:none;border-width:1px\">\n<p class=\"wp-el\"><img decoding=\"async\" loading=\"lazy\" width=\"128\" height=\"128\" class=\"wp-image-12135\" style=\"width: 20px;\" src=\"https:\/\/visitsouthestonia.com\/community\/wp-content\/uploads\/2023\/05\/meresinine-nool.png\" alt=\"\" srcset=\"https:\/\/visitsouthestonia.com\/community\/wp-content\/uploads\/2023\/05\/meresinine-nool.png 128w, https:\/\/visitsouthestonia.com\/community\/wp-content\/uploads\/2023\/05\/meresinine-nool-51x51.png 51w, https:\/\/visitsouthestonia.com\/community\/wp-content\/uploads\/2023\/05\/meresinine-nool-70x70.png 70w, https:\/\/visitsouthestonia.com\/community\/wp-content\/uploads\/2023\/05\/meresinine-nool-120x120.png 120w, https:\/\/visitsouthestonia.com\/community\/wp-content\/uploads\/2023\/05\/meresinine-nool-100x100.png 100w, https:\/\/visitsouthestonia.com\/community\/wp-content\/uploads\/2023\/05\/meresinine-nool-54x54.png 54w\" sizes=\"(max-width: 128px) 100vw, 128px\" \/> Date:  <strong>27 July &#8211; 6 August 2023<\/strong> and <strong>30 July \u2013 4 August<\/strong><\/p>\n\n\n\n<p class=\"wp-el\"><img decoding=\"async\" loading=\"lazy\" width=\"128\" height=\"128\" class=\"wp-image-12135\" style=\"width: 20px;\" src=\"https:\/\/visitsouthestonia.com\/community\/wp-content\/uploads\/2023\/05\/meresinine-nool.png\" alt=\"\" srcset=\"https:\/\/visitsouthestonia.com\/community\/wp-content\/uploads\/2023\/05\/meresinine-nool.png 128w, https:\/\/visitsouthestonia.com\/community\/wp-content\/uploads\/2023\/05\/meresinine-nool-51x51.png 51w, https:\/\/visitsouthestonia.com\/community\/wp-content\/uploads\/2023\/05\/meresinine-nool-70x70.png 70w, https:\/\/visitsouthestonia.com\/community\/wp-content\/uploads\/2023\/05\/meresinine-nool-120x120.png 120w, https:\/\/visitsouthestonia.com\/community\/wp-content\/uploads\/2023\/05\/meresinine-nool-100x100.png 100w, https:\/\/visitsouthestonia.com\/community\/wp-content\/uploads\/2023\/05\/meresinine-nool-54x54.png 54w\" sizes=\"(max-width: 128px) 100vw, 128px\" \/> Location: Leevaku village, P\u00f5lva county<\/p>\n\n\n\n<p class=\"wp-el\"><img decoding=\"async\" loading=\"lazy\" width=\"128\" height=\"128\" class=\"wp-image-12135\" style=\"width: 20px;\" src=\"https:\/\/visitsouthestonia.com\/community\/wp-content\/uploads\/2023\/05\/meresinine-nool.png\" alt=\"\" srcset=\"https:\/\/visitsouthestonia.com\/community\/wp-content\/uploads\/2023\/05\/meresinine-nool.png 128w, https:\/\/visitsouthestonia.com\/community\/wp-content\/uploads\/2023\/05\/meresinine-nool-51x51.png 51w, https:\/\/visitsouthestonia.com\/community\/wp-content\/uploads\/2023\/05\/meresinine-nool-70x70.png 70w, https:\/\/visitsouthestonia.com\/community\/wp-content\/uploads\/2023\/05\/meresinine-nool-120x120.png 120w, https:\/\/visitsouthestonia.com\/community\/wp-content\/uploads\/2023\/05\/meresinine-nool-100x100.png 100w, https:\/\/visitsouthestonia.com\/community\/wp-content\/uploads\/2023\/05\/meresinine-nool-54x54.png 54w\" sizes=\"(max-width: 128px) 100vw, 128px\" \/> More information: <a href=\"https:\/\/www.piletilevi.ee\/est\/piletid\/teater\/suvelavastus\/suvelavastus-leevaku-kullakaevur-87750\/\" target=\"_blank\" rel=\"noreferrer noopener\">piletilevi.ee&#8230;<\/a><\/p>\n\n\n\n<p class=\"wp-el\"><img decoding=\"async\" loading=\"lazy\" width=\"128\" height=\"128\" class=\"wp-image-12135\" style=\"width: 20px;\" src=\"https:\/\/visitsouthestonia.com\/community\/wp-content\/uploads\/2023\/05\/meresinine-nool.png\" alt=\"\" srcset=\"https:\/\/visitsouthestonia.com\/community\/wp-content\/uploads\/2023\/05\/meresinine-nool.png 128w, https:\/\/visitsouthestonia.com\/community\/wp-content\/uploads\/2023\/05\/meresinine-nool-51x51.png 51w, https:\/\/visitsouthestonia.com\/community\/wp-content\/uploads\/2023\/05\/meresinine-nool-70x70.png 70w, https:\/\/visitsouthestonia.com\/community\/wp-content\/uploads\/2023\/05\/meresinine-nool-120x120.png 120w, https:\/\/visitsouthestonia.com\/community\/wp-content\/uploads\/2023\/05\/meresinine-nool-100x100.png 100w, https:\/\/visitsouthestonia.com\/community\/wp-content\/uploads\/2023\/05\/meresinine-nool-54x54.png 54w\" sizes=\"(max-width: 128px) 100vw, 128px\" \/> Leevaku Village FB: <a href=\"https:\/\/www.facebook.com\/profile.php?id=100064826222844\" target=\"_blank\" rel=\"noreferrer noopener\">facebook.com&#8230;<\/a><\/p>\n\n\n\n<p class=\"wp-el\"><img decoding=\"async\" loading=\"lazy\" width=\"128\" height=\"128\" class=\"wp-image-12135\" style=\"width: 20px;\" src=\"https:\/\/visitsouthestonia.com\/community\/wp-content\/uploads\/2023\/05\/meresinine-nool.png\" alt=\"\" srcset=\"https:\/\/visitsouthestonia.com\/community\/wp-content\/uploads\/2023\/05\/meresinine-nool.png 128w, https:\/\/visitsouthestonia.com\/community\/wp-content\/uploads\/2023\/05\/meresinine-nool-51x51.png 51w, https:\/\/visitsouthestonia.com\/community\/wp-content\/uploads\/2023\/05\/meresinine-nool-70x70.png 70w, https:\/\/visitsouthestonia.com\/community\/wp-content\/uploads\/2023\/05\/meresinine-nool-120x120.png 120w, https:\/\/visitsouthestonia.com\/community\/wp-content\/uploads\/2023\/05\/meresinine-nool-100x100.png 100w, https:\/\/visitsouthestonia.com\/community\/wp-content\/uploads\/2023\/05\/meresinine-nool-54x54.png 54w\" sizes=\"(max-width: 128px) 100vw, 128px\" \/> Contact: Kairi Kasearu, kairi.kasearu@ut.ee, +372 5666 4952<\/p>\n\n\n\n<div class=\"wp-block-columns is-layout-flex wp-container-2 wp-block-columns-is-layout-flex\">\n<div class=\"wp-block-column is-layout-flow wp-block-column-is-layout-flow\" style=\"flex-basis:100%\">\n<figure class=\"wp-block-image size-large\"><img decoding=\"async\" loading=\"lazy\" width=\"1195\" height=\"1200\" src=\"https:\/\/visitsouthestonia.com\/community\/wp-content\/uploads\/2023\/06\/LeevakuKullakaevur-8-1195x1200.jpg\" alt=\"\" class=\"wp-image-13116\" srcset=\"https:\/\/visitsouthestonia.com\/community\/wp-content\/uploads\/2023\/06\/LeevakuKullakaevur-8-1195x1200.jpg 1195w, https:\/\/visitsouthestonia.com\/community\/wp-content\/uploads\/2023\/06\/LeevakuKullakaevur-8-768x771.jpg 768w, https:\/\/visitsouthestonia.com\/community\/wp-content\/uploads\/2023\/06\/LeevakuKullakaevur-8-1530x1536.jpg 1530w, https:\/\/visitsouthestonia.com\/community\/wp-content\/uploads\/2023\/06\/LeevakuKullakaevur-8-2040x2048.jpg 2040w, https:\/\/visitsouthestonia.com\/community\/wp-content\/uploads\/2023\/06\/LeevakuKullakaevur-8-350x350.jpg 350w, https:\/\/visitsouthestonia.com\/community\/wp-content\/uploads\/2023\/06\/LeevakuKullakaevur-8-51x51.jpg 51w, https:\/\/visitsouthestonia.com\/community\/wp-content\/uploads\/2023\/06\/LeevakuKullakaevur-8-797x800.jpg 797w, https:\/\/visitsouthestonia.com\/community\/wp-content\/uploads\/2023\/06\/LeevakuKullakaevur-8-270x270.jpg 270w, https:\/\/visitsouthestonia.com\/community\/wp-content\/uploads\/2023\/06\/LeevakuKullakaevur-8-230x231.jpg 230w, https:\/\/visitsouthestonia.com\/community\/wp-content\/uploads\/2023\/06\/LeevakuKullakaevur-8-70x70.jpg 70w, https:\/\/visitsouthestonia.com\/community\/wp-content\/uploads\/2023\/06\/LeevakuKullakaevur-8-194x194.jpg 194w, https:\/\/visitsouthestonia.com\/community\/wp-content\/uploads\/2023\/06\/LeevakuKullakaevur-8-188x188.jpg 188w, https:\/\/visitsouthestonia.com\/community\/wp-content\/uploads\/2023\/06\/LeevakuKullakaevur-8-120x120.jpg 120w, https:\/\/visitsouthestonia.com\/community\/wp-content\/uploads\/2023\/06\/LeevakuKullakaevur-8-100x100.jpg 100w, https:\/\/visitsouthestonia.com\/community\/wp-content\/uploads\/2023\/06\/LeevakuKullakaevur-8-54x54.jpg 54w\" sizes=\"(max-width: 1195px) 100vw, 1195px\" \/><figcaption class=\"wp-element-caption\">Kerli Auv\u00e4\u00e4rt and Kairi Kasearu. Photo: Terje Atonen<\/figcaption><\/figure>\n<\/div>\n<\/div>\n<\/div><\/div>\n<\/div><\/div><\/div>\n\n\n\n<p class=\"wp-el\"><img decoding=\"async\" loading=\"lazy\" width=\"128\" height=\"128\" class=\"wp-image-12016\" style=\"width: 20px;\" src=\"https:\/\/visitsouthestonia.com\/community\/wp-content\/uploads\/2023\/05\/must-nool.png\" alt=\"\" srcset=\"https:\/\/visitsouthestonia.com\/community\/wp-content\/uploads\/2023\/05\/must-nool.png 128w, https:\/\/visitsouthestonia.com\/community\/wp-content\/uploads\/2023\/05\/must-nool-51x51.png 51w, https:\/\/visitsouthestonia.com\/community\/wp-content\/uploads\/2023\/05\/must-nool-70x70.png 70w, https:\/\/visitsouthestonia.com\/community\/wp-content\/uploads\/2023\/05\/must-nool-120x120.png 120w, https:\/\/visitsouthestonia.com\/community\/wp-content\/uploads\/2023\/05\/must-nool-100x100.png 100w, https:\/\/visitsouthestonia.com\/community\/wp-content\/uploads\/2023\/05\/must-nool-54x54.png 54w\" sizes=\"(max-width: 128px) 100vw, 128px\" \/> More information about <a href=\"https:\/\/visitsouthestonia.com\/community\/en\/tartu-2024\/\">the European Capital of Culture Tartu 2024 South Estonia Community Programme<\/a><\/p>\n<style class=\"advgb-styles-renderer\">#advgb-cols-66ae1dbf-c099-4aee-b043-fecbddb573c6{}@media screen and (max-width: 1023px) {#advgb-cols-66ae1dbf-c099-4aee-b043-fecbddb573c6{}}@media screen and (max-width: 767px) {#advgb-cols-66ae1dbf-c099-4aee-b043-fecbddb573c6{}}#advgb-col-1a92e829-40fb-42db-b3c6-72faab22d374>.advgb-column-inner{}@media screen and (max-width: 1023px) {#advgb-col-1a92e829-40fb-42db-b3c6-72faab22d374>.advgb-column-inner{}}@media screen and (max-width: 767px) {#advgb-col-1a92e829-40fb-42db-b3c6-72faab22d374>.advgb-column-inner{}}#advgb-col-6d6f902f-a6d5-4f81-95aa-eb3454b6d47a>.advgb-column-inner{}@media screen and (max-width: 1023px) {#advgb-col-6d6f902f-a6d5-4f81-95aa-eb3454b6d47a>.advgb-column-inner{}}@media screen and (max-width: 767px) {#advgb-col-6d6f902f-a6d5-4f81-95aa-eb3454b6d47a>.advgb-column-inner{}}<\/style>","protected":false},"excerpt":{"rendered":"<p>&gt;&gt;&gt;EST The Gold Miner of Leevaku community performance enthrals in its extravagance More information about the European Capital of Culture&#8230;<\/p>\n","protected":false},"author":211,"featured_media":0,"parent":2321,"menu_order":0,"comment_status":"closed","ping_status":"closed","template":"","meta":{"advgb_blocks_editor_width":"","advgb_blocks_columns_visual_guide":"","footnotes":"","_links_to":"","_links_to_target":""},"acf":[],"yoast_head":"<!-- This site is optimized with the Yoast SEO plugin v21.4 - https:\/\/yoast.com\/wordpress\/plugins\/seo\/ -->\n<title>Summer performance of The Gold Miner of Leevaku - visitsouthestonia<\/title>\n<meta name=\"robots\" content=\"index, follow, max-snippet:-1, max-image-preview:large, max-video-preview:-1\" \/>\n<link rel=\"canonical\" href=\"https:\/\/visitsouthestonia.com\/en\/tartu-2024\/summer-performance-of-the-gold-miner-of-leevaku\/\" \/>\n<meta property=\"og:locale\" content=\"en_US\" \/>\n<meta property=\"og:type\" content=\"article\" \/>\n<meta property=\"og:title\" content=\"Summer performance of The Gold Miner of Leevaku - visitsouthestonia\" \/>\n<meta property=\"og:description\" content=\"&gt;&gt;&gt;EST The Gold Miner of Leevaku community performance enthrals in its extravagance More information about the European Capital of Culture...\" \/>\n<meta property=\"og:url\" content=\"https:\/\/visitsouthestonia.com\/en\/tartu-2024\/summer-performance-of-the-gold-miner-of-leevaku\/\" \/>\n<meta property=\"og:site_name\" content=\"visitsouthestonia\" \/>\n<meta property=\"article:modified_time\" content=\"2024-07-28T07:46:41+00:00\" \/>\n<meta property=\"og:image\" content=\"https:\/\/visitsouthestonia.com\/wp-content\/uploads\/2023\/09\/Add-a-heading5.png\" \/>\n<meta name=\"twitter:card\" content=\"summary_large_image\" \/>\n<meta name=\"twitter:label1\" content=\"Est. reading time\" \/>\n\t<meta name=\"twitter:data1\" content=\"3 minutes\" \/>\n<script type=\"application\/ld+json\" class=\"yoast-schema-graph\">{\"@context\":\"https:\/\/schema.org\",\"@graph\":[{\"@type\":\"WebPage\",\"@id\":\"https:\/\/visitsouthestonia.com\/en\/tartu-2024\/summer-performance-of-the-gold-miner-of-leevaku\/\",\"url\":\"https:\/\/visitsouthestonia.com\/en\/tartu-2024\/summer-performance-of-the-gold-miner-of-leevaku\/\",\"name\":\"Summer performance of The Gold Miner of Leevaku - visitsouthestonia\",\"isPartOf\":{\"@id\":\"https:\/\/visitsouthestonia.com\/community\/#website\"},\"datePublished\":\"2023-09-07T18:22:24+00:00\",\"dateModified\":\"2024-07-28T07:46:41+00:00\",\"breadcrumb\":{\"@id\":\"https:\/\/visitsouthestonia.com\/en\/tartu-2024\/summer-performance-of-the-gold-miner-of-leevaku\/#breadcrumb\"},\"inLanguage\":\"en-US\",\"potentialAction\":[{\"@type\":\"ReadAction\",\"target\":[\"https:\/\/visitsouthestonia.com\/en\/tartu-2024\/summer-performance-of-the-gold-miner-of-leevaku\/\"]}]},{\"@type\":\"BreadcrumbList\",\"@id\":\"https:\/\/visitsouthestonia.com\/en\/tartu-2024\/summer-performance-of-the-gold-miner-of-leevaku\/#breadcrumb\",\"itemListElement\":[{\"@type\":\"ListItem\",\"position\":1,\"name\":\"Tartu 2024\",\"item\":\"https:\/\/visitsouthestonia.com\/en\/tartu-2024\/\"},{\"@type\":\"ListItem\",\"position\":2,\"name\":\"Summer performance of The Gold Miner of Leevaku\"}]},{\"@type\":\"WebSite\",\"@id\":\"https:\/\/visitsouthestonia.com\/community\/#website\",\"url\":\"https:\/\/visitsouthestonia.com\/community\/\",\"name\":\"visitsouthestonia\",\"description\":\"Parim puhkus veeda L\u00f5una-Eestis!\",\"potentialAction\":[{\"@type\":\"SearchAction\",\"target\":{\"@type\":\"EntryPoint\",\"urlTemplate\":\"https:\/\/visitsouthestonia.com\/community\/?s={search_term_string}\"},\"query-input\":\"required name=search_term_string\"}],\"inLanguage\":\"en-US\"}]}<\/script>\n<!-- \/ Yoast SEO plugin. -->","yoast_head_json":{"title":"Summer performance of The Gold Miner of Leevaku - visitsouthestonia","robots":{"index":"index","follow":"follow","max-snippet":"max-snippet:-1","max-image-preview":"max-image-preview:large","max-video-preview":"max-video-preview:-1"},"canonical":"https:\/\/visitsouthestonia.com\/en\/tartu-2024\/summer-performance-of-the-gold-miner-of-leevaku\/","og_locale":"en_US","og_type":"article","og_title":"Summer performance of The Gold Miner of Leevaku - visitsouthestonia","og_description":"&gt;&gt;&gt;EST The Gold Miner of Leevaku community performance enthrals in its extravagance More information about the European Capital of Culture...","og_url":"https:\/\/visitsouthestonia.com\/en\/tartu-2024\/summer-performance-of-the-gold-miner-of-leevaku\/","og_site_name":"visitsouthestonia","article_modified_time":"2024-07-28T07:46:41+00:00","og_image":[{"url":"https:\/\/visitsouthestonia.com\/wp-content\/uploads\/2023\/09\/Add-a-heading5.png"}],"twitter_card":"summary_large_image","twitter_misc":{"Est. reading time":"3 minutes"},"schema":{"@context":"https:\/\/schema.org","@graph":[{"@type":"WebPage","@id":"https:\/\/visitsouthestonia.com\/en\/tartu-2024\/summer-performance-of-the-gold-miner-of-leevaku\/","url":"https:\/\/visitsouthestonia.com\/en\/tartu-2024\/summer-performance-of-the-gold-miner-of-leevaku\/","name":"Summer performance of The Gold Miner of Leevaku - visitsouthestonia","isPartOf":{"@id":"https:\/\/visitsouthestonia.com\/community\/#website"},"datePublished":"2023-09-07T18:22:24+00:00","dateModified":"2024-07-28T07:46:41+00:00","breadcrumb":{"@id":"https:\/\/visitsouthestonia.com\/en\/tartu-2024\/summer-performance-of-the-gold-miner-of-leevaku\/#breadcrumb"},"inLanguage":"en-US","potentialAction":[{"@type":"ReadAction","target":["https:\/\/visitsouthestonia.com\/en\/tartu-2024\/summer-performance-of-the-gold-miner-of-leevaku\/"]}]},{"@type":"BreadcrumbList","@id":"https:\/\/visitsouthestonia.com\/en\/tartu-2024\/summer-performance-of-the-gold-miner-of-leevaku\/#breadcrumb","itemListElement":[{"@type":"ListItem","position":1,"name":"Tartu 2024","item":"https:\/\/visitsouthestonia.com\/en\/tartu-2024\/"},{"@type":"ListItem","position":2,"name":"Summer performance of The Gold Miner of Leevaku"}]},{"@type":"WebSite","@id":"https:\/\/visitsouthestonia.com\/community\/#website","url":"https:\/\/visitsouthestonia.com\/community\/","name":"visitsouthestonia","description":"Parim puhkus veeda L\u00f5una-Eestis!","potentialAction":[{"@type":"SearchAction","target":{"@type":"EntryPoint","urlTemplate":"https:\/\/visitsouthestonia.com\/community\/?s={search_term_string}"},"query-input":"required name=search_term_string"}],"inLanguage":"en-US"}]}},"coauthors":[],"author_meta":{"author_link":"https:\/\/visitsouthestonia.com\/community\/en\/author\/kaisa-timmi\/","display_name":"Meeri"},"relative_dates":{"created":"Posted 3 years ago","modified":"Updated 2 years ago"},"absolute_dates":{"created":"Posted on 7. Sep 2023","modified":"Updated on 28. Jul 2024"},"absolute_dates_time":{"created":"Posted on 7. Sep 2023 09:22","modified":"Updated on 28. Jul 2024 10:46"},"featured_img_caption":"","featured_img":false,"series_order":"","_links":{"self":[{"href":"https:\/\/visitsouthestonia.com\/community\/en\/wp-json\/wp\/v2\/pages\/14293"}],"collection":[{"href":"https:\/\/visitsouthestonia.com\/community\/en\/wp-json\/wp\/v2\/pages"}],"about":[{"href":"https:\/\/visitsouthestonia.com\/community\/en\/wp-json\/wp\/v2\/types\/page"}],"author":[{"embeddable":true,"href":"https:\/\/visitsouthestonia.com\/community\/en\/wp-json\/wp\/v2\/users\/211"}],"replies":[{"embeddable":true,"href":"https:\/\/visitsouthestonia.com\/community\/en\/wp-json\/wp\/v2\/comments?post=14293"}],"version-history":[{"count":9,"href":"https:\/\/visitsouthestonia.com\/community\/en\/wp-json\/wp\/v2\/pages\/14293\/revisions"}],"predecessor-version":[{"id":20887,"href":"https:\/\/visitsouthestonia.com\/community\/en\/wp-json\/wp\/v2\/pages\/14293\/revisions\/20887"}],"up":[{"embeddable":true,"href":"https:\/\/visitsouthestonia.com\/community\/en\/wp-json\/wp\/v2\/pages\/2321"}],"wp:attachment":[{"href":"https:\/\/visitsouthestonia.com\/community\/en\/wp-json\/wp\/v2\/media?parent=14293"}],"curies":[{"name":"wp","href":"https:\/\/api.w.org\/{rel}","templated":true}]}}