{"id":14283,"date":"2023-09-06T15:52:36","date_gmt":"2023-09-06T12:52:36","guid":{"rendered":"https:\/\/visitsouthestonia.com\/community\/?page_id=14283"},"modified":"2024-05-31T10:22:33","modified_gmt":"2024-05-31T07:22:33","slug":"i-kodavere-song-festival","status":"publish","type":"page","link":"https:\/\/visitsouthestonia.com\/community\/en\/tartu-2024\/i-kodavere-song-festival\/","title":{"rendered":"I Kodavere song festival"},"content":{"rendered":"\n<p class=\"has-text-align-right wp-el\"><a href=\"https:\/\/visitsouthestonia.com\/community\/tartu-2024\/i-kodavere-laalupido\/\">&gt;&gt;&gt;EST<\/a><\/p>\n\n\n\n<figure class=\"wp-block-image size-full\"><img decoding=\"async\" loading=\"lazy\" width=\"1200\" height=\"120\" src=\"https:\/\/visitsouthestonia.com\/community\/wp-content\/uploads\/2023\/09\/Add-a-heading3.png\" alt=\"\" class=\"wp-image-14328\" srcset=\"https:\/\/visitsouthestonia.com\/community\/wp-content\/uploads\/2023\/09\/Add-a-heading3.png 1200w, https:\/\/visitsouthestonia.com\/community\/wp-content\/uploads\/2023\/09\/Add-a-heading3-768x77.png 768w, https:\/\/visitsouthestonia.com\/community\/wp-content\/uploads\/2023\/09\/Add-a-heading3-350x35.png 350w, https:\/\/visitsouthestonia.com\/community\/wp-content\/uploads\/2023\/09\/Add-a-heading3-1100x110.png 1100w, https:\/\/visitsouthestonia.com\/community\/wp-content\/uploads\/2023\/09\/Add-a-heading3-230x23.png 230w, https:\/\/visitsouthestonia.com\/community\/wp-content\/uploads\/2023\/09\/Add-a-heading3-210x21.png 210w, https:\/\/visitsouthestonia.com\/community\/wp-content\/uploads\/2023\/09\/Add-a-heading3-188x19.png 188w, https:\/\/visitsouthestonia.com\/community\/wp-content\/uploads\/2023\/09\/Add-a-heading3-370x37.png 370w\" sizes=\"(max-width: 1200px) 100vw, 1200px\" \/><\/figure>\n\n\n\n<h1 class=\"wp-block-heading wp-el\"><strong><strong><strong><strong><strong><strong><strong><strong><strong>The first Kodavere song festival lets us peek into a unique world of an indigenous language<\/strong><\/strong><\/strong><\/strong><\/strong><\/strong><\/strong><\/strong><\/strong><\/h1>\n\n\n\n<div class=\"wp-block-advgb-columns advgb-columns-wrapper\" id=\"advgb-cols-1228ebd6-c16f-40e3-b3b0-d4d56f7395b6\"><div class=\"advgb-columns-container\"><div class=\"advgb-columns advgb-columns-row advgb-is-mobile advgb-columns-2 layout-12-12 mbl-layout-stacked vgutter-10\">\n<div class=\"wp-block-advgb-column advgb-column advgb-is-half-tablet advgb-is-full-mobile\" id=\"advgb-col-b7b2324a-29ad-462f-88e8-0f197209706d\"><div class=\"advgb-column-inner\" style=\"border-style:none;border-width:1px\">\n<p class=\"wp-el\">In the European Capital of Culture year, history will be made on the tiny singing stage of Pala village. On 2 June 2024, the first Kodavere song festival (Kodavere laalopido) will take place here, with the aim of preserving indigenous languages. <\/p>\n\n\n\n<p class=\"wp-el\">The event was sparked by a local initiative: the people of Kodavere parish have decided to lift the lid on their treasure chest just a little, so that their secret language \u2013 Kodavere ki\u00e4l \u2013 may be heard. Kodavere laalopido is a public festival open to everyone. Organised by the Kodavere Heritage Centre, all the songs are sung in the Kodavere dialect.<\/p>\n\n\n\n<p class=\"wp-el\">\u201cTule k\u00f5hale, laala kuasa ja \u00f5le ajaluulise pido s\u00fcnni juuren!\u201c (Come and sing along, and witness the birth of an historic festival!).<\/p>\n\n\n\n<p class=\"wp-el\"><\/p>\n\n\n\n<p class=\"wp-el\"><\/p>\n\n\n\n<p class=\"wp-el\"><\/p>\n<\/div><\/div>\n\n\n\n<div class=\"wp-block-advgb-column advgb-column advgb-is-half-tablet advgb-is-full-mobile\" id=\"advgb-col-96a5339a-3faa-4a5d-9540-8c3b52c06a0a\"><div class=\"advgb-column-inner\" style=\"border-style:none;border-width:1px\">\n<p class=\"wp-el\"><img decoding=\"async\" loading=\"lazy\" width=\"128\" height=\"128\" class=\"wp-image-12156\" style=\"width: 20px;\" src=\"https:\/\/visitsouthestonia.com\/community\/wp-content\/uploads\/2023\/05\/punane-nool.png\" alt=\"\" srcset=\"https:\/\/visitsouthestonia.com\/community\/wp-content\/uploads\/2023\/05\/punane-nool.png 128w, https:\/\/visitsouthestonia.com\/community\/wp-content\/uploads\/2023\/05\/punane-nool-51x51.png 51w, https:\/\/visitsouthestonia.com\/community\/wp-content\/uploads\/2023\/05\/punane-nool-70x70.png 70w, https:\/\/visitsouthestonia.com\/community\/wp-content\/uploads\/2023\/05\/punane-nool-120x120.png 120w, https:\/\/visitsouthestonia.com\/community\/wp-content\/uploads\/2023\/05\/punane-nool-100x100.png 100w, https:\/\/visitsouthestonia.com\/community\/wp-content\/uploads\/2023\/05\/punane-nool-54x54.png 54w\" sizes=\"(max-width: 128px) 100vw, 128px\" \/> Date:<strong> 2 July 2024 <\/strong><\/p>\n\n\n\n<p class=\"wp-el\"><img decoding=\"async\" loading=\"lazy\" width=\"128\" height=\"128\" class=\"wp-image-12156\" style=\"width: 20px;\" src=\"https:\/\/visitsouthestonia.com\/community\/wp-content\/uploads\/2023\/05\/punane-nool.png\" alt=\"\" srcset=\"https:\/\/visitsouthestonia.com\/community\/wp-content\/uploads\/2023\/05\/punane-nool.png 128w, https:\/\/visitsouthestonia.com\/community\/wp-content\/uploads\/2023\/05\/punane-nool-51x51.png 51w, https:\/\/visitsouthestonia.com\/community\/wp-content\/uploads\/2023\/05\/punane-nool-70x70.png 70w, https:\/\/visitsouthestonia.com\/community\/wp-content\/uploads\/2023\/05\/punane-nool-120x120.png 120w, https:\/\/visitsouthestonia.com\/community\/wp-content\/uploads\/2023\/05\/punane-nool-100x100.png 100w, https:\/\/visitsouthestonia.com\/community\/wp-content\/uploads\/2023\/05\/punane-nool-54x54.png 54w\" sizes=\"(max-width: 128px) 100vw, 128px\" \/> Location: Pala village, Tartu county<\/p>\n\n\n\n<p class=\"wp-el\"><img decoding=\"async\" loading=\"lazy\" width=\"128\" height=\"128\" class=\"wp-image-12156\" style=\"width: 20px;\" src=\"https:\/\/visitsouthestonia.com\/community\/wp-content\/uploads\/2023\/05\/punane-nool.png\" alt=\"\" srcset=\"https:\/\/visitsouthestonia.com\/community\/wp-content\/uploads\/2023\/05\/punane-nool.png 128w, https:\/\/visitsouthestonia.com\/community\/wp-content\/uploads\/2023\/05\/punane-nool-51x51.png 51w, https:\/\/visitsouthestonia.com\/community\/wp-content\/uploads\/2023\/05\/punane-nool-70x70.png 70w, https:\/\/visitsouthestonia.com\/community\/wp-content\/uploads\/2023\/05\/punane-nool-120x120.png 120w, https:\/\/visitsouthestonia.com\/community\/wp-content\/uploads\/2023\/05\/punane-nool-100x100.png 100w, https:\/\/visitsouthestonia.com\/community\/wp-content\/uploads\/2023\/05\/punane-nool-54x54.png 54w\" sizes=\"(max-width: 128px) 100vw, 128px\" \/> More information: <a href=\"https:\/\/www.facebook.com\/events\/3240442529435827\" target=\"_blank\" rel=\"noreferrer noopener\">kodavere.voog.com\/kodavere-laalupido<\/a><\/p>\n\n\n\n<p class=\"wp-el\"><img decoding=\"async\" loading=\"lazy\" width=\"128\" height=\"128\" class=\"wp-image-12156\" style=\"width: 20px;\" src=\"https:\/\/visitsouthestonia.com\/community\/wp-content\/uploads\/2023\/05\/punane-nool.png\" alt=\"\" srcset=\"https:\/\/visitsouthestonia.com\/community\/wp-content\/uploads\/2023\/05\/punane-nool.png 128w, https:\/\/visitsouthestonia.com\/community\/wp-content\/uploads\/2023\/05\/punane-nool-51x51.png 51w, https:\/\/visitsouthestonia.com\/community\/wp-content\/uploads\/2023\/05\/punane-nool-70x70.png 70w, https:\/\/visitsouthestonia.com\/community\/wp-content\/uploads\/2023\/05\/punane-nool-120x120.png 120w, https:\/\/visitsouthestonia.com\/community\/wp-content\/uploads\/2023\/05\/punane-nool-100x100.png 100w, https:\/\/visitsouthestonia.com\/community\/wp-content\/uploads\/2023\/05\/punane-nool-54x54.png 54w\" sizes=\"(max-width: 128px) 100vw, 128px\" \/> Contact: Reet Kruup, reet.kruup@peipsivald.ee, +372 5305 9007<\/p>\n\n\n\n<div class=\"wp-block-columns is-layout-flex wp-container-2 wp-block-columns-is-layout-flex\">\n<div class=\"wp-block-column is-layout-flow wp-block-column-is-layout-flow\" style=\"flex-basis:100%\">\n<figure class=\"wp-block-image size-large\"><img decoding=\"async\" loading=\"lazy\" width=\"1200\" height=\"801\" src=\"https:\/\/visitsouthestonia.com\/community\/wp-content\/uploads\/2023\/06\/Kodaverelaalupido-3-copy-1200x801.jpg\" alt=\"\" class=\"wp-image-13108\" srcset=\"https:\/\/visitsouthestonia.com\/community\/wp-content\/uploads\/2023\/06\/Kodaverelaalupido-3-copy-1200x801.jpg 1200w, https:\/\/visitsouthestonia.com\/community\/wp-content\/uploads\/2023\/06\/Kodaverelaalupido-3-copy-768x513.jpg 768w, https:\/\/visitsouthestonia.com\/community\/wp-content\/uploads\/2023\/06\/Kodaverelaalupido-3-copy-1536x1025.jpg 1536w, https:\/\/visitsouthestonia.com\/community\/wp-content\/uploads\/2023\/06\/Kodaverelaalupido-3-copy-2048x1367.jpg 2048w, https:\/\/visitsouthestonia.com\/community\/wp-content\/uploads\/2023\/06\/Kodaverelaalupido-3-copy-350x234.jpg 350w, https:\/\/visitsouthestonia.com\/community\/wp-content\/uploads\/2023\/06\/Kodaverelaalupido-3-copy-1100x734.jpg 1100w, https:\/\/visitsouthestonia.com\/community\/wp-content\/uploads\/2023\/06\/Kodaverelaalupido-3-copy-230x154.jpg 230w, https:\/\/visitsouthestonia.com\/community\/wp-content\/uploads\/2023\/06\/Kodaverelaalupido-3-copy-105x70.jpg 105w, https:\/\/visitsouthestonia.com\/community\/wp-content\/uploads\/2023\/06\/Kodaverelaalupido-3-copy-188x125.jpg 188w, https:\/\/visitsouthestonia.com\/community\/wp-content\/uploads\/2023\/06\/Kodaverelaalupido-3-copy-81x54.jpg 81w, https:\/\/visitsouthestonia.com\/community\/wp-content\/uploads\/2023\/06\/Kodaverelaalupido-3-copy-370x247.jpg 370w\" sizes=\"(max-width: 1200px) 100vw, 1200px\" \/><figcaption class=\"wp-element-caption\">Mikk Kirikal and Ergo-Hart V\u00e4strik. Photo: Terje Atonen<\/figcaption><\/figure>\n<\/div>\n<\/div>\n<\/div><\/div>\n<\/div><\/div><\/div>\n\n\n\n<p class=\"wp-el\"><img decoding=\"async\" loading=\"lazy\" width=\"128\" height=\"128\" class=\"wp-image-12016\" style=\"width: 20px;\" src=\"https:\/\/visitsouthestonia.com\/community\/wp-content\/uploads\/2023\/05\/must-nool.png\" alt=\"\" srcset=\"https:\/\/visitsouthestonia.com\/community\/wp-content\/uploads\/2023\/05\/must-nool.png 128w, https:\/\/visitsouthestonia.com\/community\/wp-content\/uploads\/2023\/05\/must-nool-51x51.png 51w, https:\/\/visitsouthestonia.com\/community\/wp-content\/uploads\/2023\/05\/must-nool-70x70.png 70w, https:\/\/visitsouthestonia.com\/community\/wp-content\/uploads\/2023\/05\/must-nool-120x120.png 120w, https:\/\/visitsouthestonia.com\/community\/wp-content\/uploads\/2023\/05\/must-nool-100x100.png 100w, https:\/\/visitsouthestonia.com\/community\/wp-content\/uploads\/2023\/05\/must-nool-54x54.png 54w\" sizes=\"(max-width: 128px) 100vw, 128px\" \/> More information about <a href=\"https:\/\/visitsouthestonia.com\/community\/en\/tartu-2024\/\">the European Capital of Culture Tartu 2024 South Estonia Community Programme<\/a><\/p>\n<style class=\"advgb-styles-renderer\">#advgb-cols-1228ebd6-c16f-40e3-b3b0-d4d56f7395b6{}@media screen and (max-width: 1023px) {#advgb-cols-1228ebd6-c16f-40e3-b3b0-d4d56f7395b6{}}@media screen and (max-width: 767px) {#advgb-cols-1228ebd6-c16f-40e3-b3b0-d4d56f7395b6{}}#advgb-col-b7b2324a-29ad-462f-88e8-0f197209706d>.advgb-column-inner{}@media screen and (max-width: 1023px) {#advgb-col-b7b2324a-29ad-462f-88e8-0f197209706d>.advgb-column-inner{}}@media screen and (max-width: 767px) {#advgb-col-b7b2324a-29ad-462f-88e8-0f197209706d>.advgb-column-inner{}}#advgb-col-96a5339a-3faa-4a5d-9540-8c3b52c06a0a>.advgb-column-inner{}@media screen and (max-width: 1023px) {#advgb-col-96a5339a-3faa-4a5d-9540-8c3b52c06a0a>.advgb-column-inner{}}@media screen and (max-width: 767px) {#advgb-col-96a5339a-3faa-4a5d-9540-8c3b52c06a0a>.advgb-column-inner{}}<\/style>","protected":false},"excerpt":{"rendered":"<p>&gt;&gt;&gt;EST The first Kodavere song festival lets us peek into a unique world of an indigenous language More information about&#8230;<\/p>\n","protected":false},"author":211,"featured_media":0,"parent":2321,"menu_order":0,"comment_status":"closed","ping_status":"closed","template":"","meta":{"advgb_blocks_editor_width":"","advgb_blocks_columns_visual_guide":"","footnotes":"","_links_to":"","_links_to_target":""},"acf":[],"yoast_head":"<!-- This site is optimized with the Yoast SEO plugin v21.4 - https:\/\/yoast.com\/wordpress\/plugins\/seo\/ -->\n<title>I Kodavere song festival - visitsouthestonia<\/title>\n<meta name=\"robots\" content=\"index, follow, max-snippet:-1, max-image-preview:large, max-video-preview:-1\" \/>\n<link rel=\"canonical\" href=\"https:\/\/visitsouthestonia.com\/en\/tartu-2024\/i-kodavere-song-festival\/\" \/>\n<meta property=\"og:locale\" content=\"en_US\" \/>\n<meta property=\"og:type\" content=\"article\" \/>\n<meta property=\"og:title\" content=\"I Kodavere song festival - visitsouthestonia\" \/>\n<meta property=\"og:description\" content=\"&gt;&gt;&gt;EST The first Kodavere song festival lets us peek into a unique world of an indigenous language More information about...\" \/>\n<meta property=\"og:url\" content=\"https:\/\/visitsouthestonia.com\/en\/tartu-2024\/i-kodavere-song-festival\/\" \/>\n<meta property=\"og:site_name\" content=\"visitsouthestonia\" \/>\n<meta property=\"article:modified_time\" content=\"2024-05-31T07:22:33+00:00\" \/>\n<meta property=\"og:image\" content=\"https:\/\/visitsouthestonia.com\/wp-content\/uploads\/2023\/09\/Add-a-heading3.png\" \/>\n<meta name=\"twitter:card\" content=\"summary_large_image\" \/>\n<meta name=\"twitter:label1\" content=\"Est. reading time\" \/>\n\t<meta name=\"twitter:data1\" content=\"3 minutes\" \/>\n<script type=\"application\/ld+json\" class=\"yoast-schema-graph\">{\"@context\":\"https:\/\/schema.org\",\"@graph\":[{\"@type\":\"WebPage\",\"@id\":\"https:\/\/visitsouthestonia.com\/en\/tartu-2024\/i-kodavere-song-festival\/\",\"url\":\"https:\/\/visitsouthestonia.com\/en\/tartu-2024\/i-kodavere-song-festival\/\",\"name\":\"I Kodavere song festival - visitsouthestonia\",\"isPartOf\":{\"@id\":\"https:\/\/visitsouthestonia.com\/community\/#website\"},\"datePublished\":\"2023-09-06T12:52:36+00:00\",\"dateModified\":\"2024-05-31T07:22:33+00:00\",\"breadcrumb\":{\"@id\":\"https:\/\/visitsouthestonia.com\/en\/tartu-2024\/i-kodavere-song-festival\/#breadcrumb\"},\"inLanguage\":\"en-US\",\"potentialAction\":[{\"@type\":\"ReadAction\",\"target\":[\"https:\/\/visitsouthestonia.com\/en\/tartu-2024\/i-kodavere-song-festival\/\"]}]},{\"@type\":\"BreadcrumbList\",\"@id\":\"https:\/\/visitsouthestonia.com\/en\/tartu-2024\/i-kodavere-song-festival\/#breadcrumb\",\"itemListElement\":[{\"@type\":\"ListItem\",\"position\":1,\"name\":\"Tartu 2024\",\"item\":\"https:\/\/visitsouthestonia.com\/en\/tartu-2024\/\"},{\"@type\":\"ListItem\",\"position\":2,\"name\":\"I Kodavere song festival\"}]},{\"@type\":\"WebSite\",\"@id\":\"https:\/\/visitsouthestonia.com\/community\/#website\",\"url\":\"https:\/\/visitsouthestonia.com\/community\/\",\"name\":\"visitsouthestonia\",\"description\":\"Parim puhkus veeda L\u00f5una-Eestis!\",\"potentialAction\":[{\"@type\":\"SearchAction\",\"target\":{\"@type\":\"EntryPoint\",\"urlTemplate\":\"https:\/\/visitsouthestonia.com\/community\/?s={search_term_string}\"},\"query-input\":\"required name=search_term_string\"}],\"inLanguage\":\"en-US\"}]}<\/script>\n<!-- \/ Yoast SEO plugin. -->","yoast_head_json":{"title":"I Kodavere song festival - visitsouthestonia","robots":{"index":"index","follow":"follow","max-snippet":"max-snippet:-1","max-image-preview":"max-image-preview:large","max-video-preview":"max-video-preview:-1"},"canonical":"https:\/\/visitsouthestonia.com\/en\/tartu-2024\/i-kodavere-song-festival\/","og_locale":"en_US","og_type":"article","og_title":"I Kodavere song festival - visitsouthestonia","og_description":"&gt;&gt;&gt;EST The first Kodavere song festival lets us peek into a unique world of an indigenous language More information about...","og_url":"https:\/\/visitsouthestonia.com\/en\/tartu-2024\/i-kodavere-song-festival\/","og_site_name":"visitsouthestonia","article_modified_time":"2024-05-31T07:22:33+00:00","og_image":[{"url":"https:\/\/visitsouthestonia.com\/wp-content\/uploads\/2023\/09\/Add-a-heading3.png"}],"twitter_card":"summary_large_image","twitter_misc":{"Est. reading time":"3 minutes"},"schema":{"@context":"https:\/\/schema.org","@graph":[{"@type":"WebPage","@id":"https:\/\/visitsouthestonia.com\/en\/tartu-2024\/i-kodavere-song-festival\/","url":"https:\/\/visitsouthestonia.com\/en\/tartu-2024\/i-kodavere-song-festival\/","name":"I Kodavere song festival - visitsouthestonia","isPartOf":{"@id":"https:\/\/visitsouthestonia.com\/community\/#website"},"datePublished":"2023-09-06T12:52:36+00:00","dateModified":"2024-05-31T07:22:33+00:00","breadcrumb":{"@id":"https:\/\/visitsouthestonia.com\/en\/tartu-2024\/i-kodavere-song-festival\/#breadcrumb"},"inLanguage":"en-US","potentialAction":[{"@type":"ReadAction","target":["https:\/\/visitsouthestonia.com\/en\/tartu-2024\/i-kodavere-song-festival\/"]}]},{"@type":"BreadcrumbList","@id":"https:\/\/visitsouthestonia.com\/en\/tartu-2024\/i-kodavere-song-festival\/#breadcrumb","itemListElement":[{"@type":"ListItem","position":1,"name":"Tartu 2024","item":"https:\/\/visitsouthestonia.com\/en\/tartu-2024\/"},{"@type":"ListItem","position":2,"name":"I Kodavere song festival"}]},{"@type":"WebSite","@id":"https:\/\/visitsouthestonia.com\/community\/#website","url":"https:\/\/visitsouthestonia.com\/community\/","name":"visitsouthestonia","description":"Parim puhkus veeda L\u00f5una-Eestis!","potentialAction":[{"@type":"SearchAction","target":{"@type":"EntryPoint","urlTemplate":"https:\/\/visitsouthestonia.com\/community\/?s={search_term_string}"},"query-input":"required name=search_term_string"}],"inLanguage":"en-US"}]}},"coauthors":[],"author_meta":{"author_link":"https:\/\/visitsouthestonia.com\/community\/en\/author\/kaisa-timmi\/","display_name":"Meeri"},"relative_dates":{"created":"Posted 3 years ago","modified":"Updated 2 years ago"},"absolute_dates":{"created":"Posted on 6. Sep 2023","modified":"Updated on 31. May 2024"},"absolute_dates_time":{"created":"Posted on 6. Sep 2023 03:52","modified":"Updated on 31. May 2024 10:22"},"featured_img_caption":"","featured_img":false,"series_order":"","_links":{"self":[{"href":"https:\/\/visitsouthestonia.com\/community\/en\/wp-json\/wp\/v2\/pages\/14283"}],"collection":[{"href":"https:\/\/visitsouthestonia.com\/community\/en\/wp-json\/wp\/v2\/pages"}],"about":[{"href":"https:\/\/visitsouthestonia.com\/community\/en\/wp-json\/wp\/v2\/types\/page"}],"author":[{"embeddable":true,"href":"https:\/\/visitsouthestonia.com\/community\/en\/wp-json\/wp\/v2\/users\/211"}],"replies":[{"embeddable":true,"href":"https:\/\/visitsouthestonia.com\/community\/en\/wp-json\/wp\/v2\/comments?post=14283"}],"version-history":[{"count":7,"href":"https:\/\/visitsouthestonia.com\/community\/en\/wp-json\/wp\/v2\/pages\/14283\/revisions"}],"predecessor-version":[{"id":20662,"href":"https:\/\/visitsouthestonia.com\/community\/en\/wp-json\/wp\/v2\/pages\/14283\/revisions\/20662"}],"up":[{"embeddable":true,"href":"https:\/\/visitsouthestonia.com\/community\/en\/wp-json\/wp\/v2\/pages\/2321"}],"wp:attachment":[{"href":"https:\/\/visitsouthestonia.com\/community\/en\/wp-json\/wp\/v2\/media?parent=14283"}],"curies":[{"name":"wp","href":"https:\/\/api.w.org\/{rel}","templated":true}]}}